{"id":1200,"date":"2026-04-13T21:27:12","date_gmt":"2026-04-13T19:27:12","guid":{"rendered":"https:\/\/www.yourban-europe.eu\/?page_id=1200"},"modified":"2026-04-21T16:01:29","modified_gmt":"2026-04-21T14:01:29","slug":"pebblescape-nature-islands-for-resilience","status":"publish","type":"page","link":"https:\/\/www.yourban-europe.eu\/it\/pebblescape-nature-islands-for-resilience\/","title":{"rendered":"PebbleScape:\u00a0Nature Islands for Resilience"},"content":{"rendered":"<div class=\"wp-block-group alignfull has-custom-eu-background-color has-background has-global-padding is-content-justification-center is-layout-constrained wp-container-core-group-is-layout-4137631a wp-block-group-is-layout-constrained\" style=\"margin-top:0;margin-bottom:0;padding-top:var(--wp--preset--spacing--50);padding-right:var(--wp--preset--spacing--50);padding-bottom:var(--wp--preset--spacing--50);padding-left:var(--wp--preset--spacing--50)\">\n<div class=\"wp-block-columns alignwide is-layout-flex wp-container-core-columns-is-layout-28f84493 wp-block-columns-is-layout-flex\">\n<div class=\"wp-block-column is-layout-flow wp-block-column-is-layout-flow\" style=\"flex-basis:40%\">\n<p class=\"has-base-2-color has-text-color has-link-color wp-elements-c481add2f5870ec5008989f5dbbe54c4 wp-container-content-0733e5d0\">Project\/<em>Projecte<\/em>\/Proyecto: PebbleScape<br>Author\/<em>Autor<\/em>: Tobias Bernstein<\/p>\n<\/div>\n\n\n\n<div class=\"wp-block-column is-layout-flow wp-block-column-is-layout-flow\" style=\"flex-basis:60%\">\n<p class=\"has-base-2-color has-text-color has-link-color has-x-large-font-size wp-elements-c8e464677e22e3d24bd207670f5d6d6e\" style=\"line-height:1.2\">Team&nbsp;<strong>TOKA Design<\/strong>&nbsp;have spent the residency refining a modular urban furniture system inspired by river pebbles.<\/p>\n\n\n\n<p class=\"has-base-2-color has-text-color has-link-color wp-elements-e900eea175c0d36a829d15717f026f65\"><em>L\u2019equip\u00a0TOKA Design\u00a0ha dedicat la resid\u00e8ncia a perfeccionar un sistema de mobiliari urb\u00e0 modular inspirat en c\u00f2dols de riu.<\/em><br>\u00a0El equipo\u00a0TOKA Design\u00a0ha dedicado la residencia a perfeccionar un sistema de mobiliario urbano modular inspirado en cantos rodados de r\u00edo.<\/p>\n<\/div>\n<\/div>\n<\/div>\n\n\n\n<div class=\"wp-block-group alignfull has-base-background-color has-background has-global-padding is-layout-constrained wp-container-core-group-is-layout-c146a9a4 wp-block-group-is-layout-constrained\" style=\"margin-top:0;margin-bottom:0;padding-top:var(--wp--preset--spacing--10);padding-right:var(--wp--preset--spacing--50);padding-bottom:var(--wp--preset--spacing--10);padding-left:var(--wp--preset--spacing--50)\">\n<div class=\"wp-block-columns alignwide is-layout-flex wp-container-core-columns-is-layout-549b0c86 wp-block-columns-is-layout-flex\">\n<div class=\"wp-block-column has-global-padding is-content-justification-left is-layout-constrained wp-container-core-column-is-layout-fe358c2d wp-block-column-is-layout-constrained\" style=\"flex-basis:40%\">\n<figure class=\"wp-block-image size-full\" style=\"margin-top:var(--wp--preset--spacing--30);margin-right:0;margin-bottom:var(--wp--preset--spacing--30);margin-left:0\"><img loading=\"lazy\" decoding=\"async\" width=\"2560\" height=\"1156\" src=\"https:\/\/www.yourban-europe.eu\/wp-content\/uploads\/260204_Shell_001-scaled.jpg\" alt=\"\" class=\"wp-image-1416\" srcset=\"https:\/\/www.yourban-europe.eu\/wp-content\/uploads\/260204_Shell_001-scaled.jpg 2560w, https:\/\/www.yourban-europe.eu\/wp-content\/uploads\/260204_Shell_001-768x347.jpg 768w, https:\/\/www.yourban-europe.eu\/wp-content\/uploads\/260204_Shell_001-1536x693.jpg 1536w, https:\/\/www.yourban-europe.eu\/wp-content\/uploads\/260204_Shell_001-2048x925.jpg 2048w, https:\/\/www.yourban-europe.eu\/wp-content\/uploads\/260204_Shell_001-18x8.jpg 18w\" sizes=\"auto, (max-width: 2560px) 100vw, 2560px\" \/><\/figure>\n\n\n\n<figure class=\"wp-block-image size-full\"><img loading=\"lazy\" decoding=\"async\" width=\"2560\" height=\"1568\" src=\"https:\/\/www.yourban-europe.eu\/wp-content\/uploads\/Bildschirmfoto-2025-07-30-um-14.33.44-scaled.png\" alt=\"\" class=\"wp-image-1417\" srcset=\"https:\/\/www.yourban-europe.eu\/wp-content\/uploads\/Bildschirmfoto-2025-07-30-um-14.33.44-scaled.png 2560w, https:\/\/www.yourban-europe.eu\/wp-content\/uploads\/Bildschirmfoto-2025-07-30-um-14.33.44-768x470.png 768w, https:\/\/www.yourban-europe.eu\/wp-content\/uploads\/Bildschirmfoto-2025-07-30-um-14.33.44-1536x941.png 1536w, https:\/\/www.yourban-europe.eu\/wp-content\/uploads\/Bildschirmfoto-2025-07-30-um-14.33.44-2048x1254.png 2048w, https:\/\/www.yourban-europe.eu\/wp-content\/uploads\/Bildschirmfoto-2025-07-30-um-14.33.44-18x12.png 18w\" sizes=\"auto, (max-width: 2560px) 100vw, 2560px\" \/><\/figure>\n\n\n\n<figure class=\"wp-block-image size-full\"><img loading=\"lazy\" decoding=\"async\" width=\"1536\" height=\"2048\" src=\"https:\/\/www.yourban-europe.eu\/wp-content\/uploads\/WhatsApp-Image-2026-02-26-at-10.55.52.jpeg\" alt=\"\" class=\"wp-image-1419\" srcset=\"https:\/\/www.yourban-europe.eu\/wp-content\/uploads\/WhatsApp-Image-2026-02-26-at-10.55.52.jpeg 1536w, https:\/\/www.yourban-europe.eu\/wp-content\/uploads\/WhatsApp-Image-2026-02-26-at-10.55.52-768x1024.jpeg 768w, https:\/\/www.yourban-europe.eu\/wp-content\/uploads\/WhatsApp-Image-2026-02-26-at-10.55.52-1152x1536.jpeg 1152w, https:\/\/www.yourban-europe.eu\/wp-content\/uploads\/WhatsApp-Image-2026-02-26-at-10.55.52-9x12.jpeg 9w\" sizes=\"auto, (max-width: 1536px) 100vw, 1536px\" \/><\/figure>\n\n\n\n<figure class=\"wp-block-image size-full\"><img loading=\"lazy\" decoding=\"async\" width=\"1916\" height=\"1258\" src=\"https:\/\/www.yourban-europe.eu\/wp-content\/uploads\/Pebble2.png\" alt=\"\" class=\"wp-image-1180\" srcset=\"https:\/\/www.yourban-europe.eu\/wp-content\/uploads\/Pebble2.png 1916w, https:\/\/www.yourban-europe.eu\/wp-content\/uploads\/Pebble2-768x504.png 768w, https:\/\/www.yourban-europe.eu\/wp-content\/uploads\/Pebble2-1536x1009.png 1536w, https:\/\/www.yourban-europe.eu\/wp-content\/uploads\/Pebble2-18x12.png 18w\" sizes=\"auto, (max-width: 1916px) 100vw, 1916px\" \/><\/figure>\n<\/div>\n\n\n\n<div class=\"wp-block-column is-layout-flow wp-container-core-column-is-layout-f5bb311e wp-block-column-is-layout-flow\" style=\"flex-basis:60%\">\n<p class=\"has-heading-font-family has-x-large-font-size\" style=\"margin-top:var(--wp--preset--spacing--30);margin-bottom:var(--wp--preset--spacing--30);line-height:1.2\">With meticulous attention to detail and a commitment to excellence, we create spaces that inspire, elevate, and enrich the lives of those who inhabit them.<\/p>\n\n\n\n<div class=\"wp-block-columns is-layout-flex wp-container-core-columns-is-layout-87beb0d0 wp-block-columns-is-layout-flex\">\n<div class=\"wp-block-column is-layout-flow wp-block-column-is-layout-flow\">\n<p class=\"wp-container-content-9cfa9a5a\">ENG<br>PebbleScape is an innovative modular urban furniture system<br>that reimagines public spaces as inclusive, nature-integrated,<br>climate-resilient environments. Inspired by the organic form of<br>river pebbles, each module combines seating, play features,<br>biodiversity support, urban gardening, and digital interaction<br>into a seamless design that harmonises with Barcelona\u2019s<br>architectural identity.<br><br>Our key objectives:<\/p>\n\n\n\n<ul class=\"wp-block-list\">\n<li>Create an inclusive, multi-generational space promoting<br>interaction, rest, and play<\/li>\n\n\n\n<li>Improve urban climate through integrated tree canopies,<br>water management, and vegetation<\/li>\n\n\n\n<li>Promote sustainability using up to 50% rFRP recycled<br>plastic and modular construction<\/li>\n\n\n\n<li>Enhance nighttime safety with integrated solar-powered<br>lighting<\/li>\n\n\n\n<li>Foster biodiversity via built-in habitats for birds and insects<\/li>\n\n\n\n<li>Generate multifunctional Pebbles with added functionality<br>like bikestands and trashbins<\/li>\n\n\n\n<li>Attractive, curiosity -awakening design<\/li>\n<\/ul>\n\n\n\n<p class=\"wp-container-content-9cfa9a5a\"><strong>Concept evolution and final solution<\/strong><br>The initial concept was a collection of several large seating<br>units with backrests, as well as large planters. Extensive<br>decking was intended to collect rainwater and, like a gutter,<br>direct the water to the plants. We integrated a lot of different<br>functionalities such as bikestands, lantern, waste bin, kid&#8217;s<br>slide and shade-providing trees.<br>After several optimization iterations and material testing<br>with different production technologies (casting, milling and<br>laminating, compound ratio testing) with focus of a feasible<br>production process and cost efficiency an final prototype was<br>created.<\/p>\n\n\n\n<hr class=\"wp-block-separator has-alpha-channel-opacity\"\/>\n\n\n\n<p><em><strong>CAT<\/strong><br>PebbleScape \u00e9s un sistema innovador de mobiliari urb\u00e0 modular que reimagina els espais p\u00fablics com a entorns inclusius, integrats amb la natura i resilients al clima. Inspirat en la forma org\u00e0nica dels c\u00f2dols de riu, cada m\u00f2dul combina seients, elements de joc, suport a la biodiversitat, jardineria urbana i interacci\u00f3 digital en un disseny fluid que harmonitza amb la identitat arquitect\u00f2nica de Barcelona.<\/em><\/p>\n\n\n\n<p><strong><em>Els nostres objectius principals:<\/em><\/strong><\/p>\n\n\n\n<ul class=\"wp-block-list\">\n<li><em>Crear un espai inclusiu i multigeneracional que promogui la interacci\u00f3, el descans i el joc<\/em><\/li>\n\n\n\n<li><em>Millorar el clima urb\u00e0 mitjan\u00e7ant copes d\u2019arbres integrades, gesti\u00f3 de l\u2019aigua i vegetaci\u00f3<\/em><\/li>\n\n\n\n<li><em>Promoure la sostenibilitat utilitzant fins a un 50% de pl\u00e0stic reciclat rFRP i construcci\u00f3 modular<\/em><\/li>\n\n\n\n<li><em>Millorar la seguretat nocturna amb il\u00b7luminaci\u00f3 integrada alimentada per energia solar<\/em><\/li>\n\n\n\n<li><em>Fomentar la biodiversitat mitjan\u00e7ant h\u00e0bitats integrats per a ocells i insectes<\/em><\/li>\n\n\n\n<li><em>Generar c\u00f2dols multifuncionals amb usos addicionals com aparcabicicletes i papereres<\/em><\/li>\n\n\n\n<li><em>Disseny atractiu i generador de curiositat<\/em><\/li>\n<\/ul>\n\n\n\n<p><em><strong>Evoluci\u00f3 del concepte i soluci\u00f3 final<\/strong><br>El concepte inicial consistia en una col\u00b7lecci\u00f3 de grans unitats de seient amb respatllers, aix\u00ed com grans jardineres. Es va preveure una plataforma extensa per recollir l\u2019aigua de pluja i, com un canal\u00f3, dirigir-la cap a les plantes. Es van integrar m\u00faltiples funcionalitats com aparcabicicletes, fanals, papereres, tobogans infantils i arbres d\u2019ombra.<\/em><\/p>\n\n\n\n<p><em>Despr\u00e9s de diverses iteracions d\u2019optimitzaci\u00f3 i proves de materials amb diferents tecnologies de producci\u00f3 (colada, fresat i laminaci\u00f3, aix\u00ed com proves de proporcions de compostos), amb un enfocament en la viabilitat del proc\u00e9s de producci\u00f3 i l\u2019efici\u00e8ncia de costos, es va crear el prototip final.<\/em><\/p>\n\n\n\n<hr class=\"wp-block-separator has-alpha-channel-opacity\"\/>\n\n\n\n<p>ESP<br>PebbleScape es un sistema innovador de mobiliario urbano modular que reimagina los espacios p\u00fablicos como entornos inclusivos, integrados con la naturaleza y resilientes al clima. Inspirado en la forma org\u00e1nica de los cantos rodados de r\u00edo, cada m\u00f3dulo combina asientos, elementos de juego, apoyo a la biodiversidad, jardiner\u00eda urbana e interacci\u00f3n digital en un dise\u00f1o fluido que armoniza con la identidad arquitect\u00f3nica de Barcelona.<\/p>\n\n\n\n<p><strong>Nuestros objetivos clave:<\/strong><\/p>\n\n\n\n<ul class=\"wp-block-list\">\n<li>Crear un espacio inclusivo y multigeneracional que promueva la interacci\u00f3n, el descanso y el juego<\/li>\n\n\n\n<li>Mejorar el clima urbano mediante copas de \u00e1rboles integradas, gesti\u00f3n del agua y vegetaci\u00f3n<\/li>\n\n\n\n<li>Promover la sostenibilidad utilizando hasta un 50% de pl\u00e1stico reciclado rFRP y construcci\u00f3n modular<\/li>\n\n\n\n<li>Mejorar la seguridad nocturna con iluminaci\u00f3n integrada alimentada por energ\u00eda solar<\/li>\n\n\n\n<li>Fomentar la biodiversidad mediante h\u00e1bitats integrados para aves e insectos<\/li>\n\n\n\n<li>Generar \u201ccantos rodados\u201d multifuncionales con usos adicionales como aparcabicicletas y papeleras<\/li>\n\n\n\n<li>Dise\u00f1o atractivo y que despierta la curiosidad<\/li>\n<\/ul>\n\n\n\n<p><strong>Evoluci\u00f3n del concepto y soluci\u00f3n final<\/strong><br>El concepto inicial consist\u00eda en una colecci\u00f3n de varias grandes unidades de asiento con respaldos, as\u00ed como grandes jardineras. Se preve\u00eda una plataforma amplia para recoger el agua de lluvia y, como un canal\u00f3n, dirigirla hacia las plantas. Se integraron m\u00faltiples funcionalidades como aparcabicicletas, farolas, papeleras, toboganes infantiles y \u00e1rboles de sombra.<\/p>\n\n\n\n<p>Tras varias iteraciones de optimizaci\u00f3n y pruebas de materiales con diferentes tecnolog\u00edas de producci\u00f3n (moldeo, fresado y laminado, as\u00ed como pruebas de proporciones de compuestos), con un enfoque en la viabilidad del proceso productivo y la eficiencia de costes, se cre\u00f3 el prototipo final.<\/p>\n<\/div>\n<\/div>\n<\/div>\n<\/div>\n\n\n\n<figure class=\"wp-block-image size-full\" style=\"margin-top:var(--wp--preset--spacing--30);margin-bottom:var(--wp--preset--spacing--30)\"><img loading=\"lazy\" decoding=\"async\" width=\"1878\" height=\"1256\" src=\"https:\/\/www.yourban-europe.eu\/wp-content\/uploads\/PebbleScape.png\" alt=\"\" class=\"wp-image-1137\" srcset=\"https:\/\/www.yourban-europe.eu\/wp-content\/uploads\/PebbleScape.png 1878w, https:\/\/www.yourban-europe.eu\/wp-content\/uploads\/PebbleScape-768x514.png 768w, https:\/\/www.yourban-europe.eu\/wp-content\/uploads\/PebbleScape-1536x1027.png 1536w, https:\/\/www.yourban-europe.eu\/wp-content\/uploads\/PebbleScape-18x12.png 18w\" sizes=\"auto, (max-width: 1878px) 100vw, 1878px\" \/><\/figure>\n\n\n\n<div class=\"wp-block-buttons is-horizontal is-content-justification-center is-layout-flex wp-container-core-buttons-is-layout-24574a97 wp-block-buttons-is-layout-flex\" style=\"margin-top:0;margin-bottom:0;padding-top:var(--wp--preset--spacing--10);padding-right:0;padding-bottom:var(--wp--preset--spacing--10);padding-left:0\">\n<div class=\"wp-block-button is-style-outline is-style-outline--1\"><a class=\"wp-block-button__link wp-element-button\">Previous<\/a><\/div>\n\n\n\n<div class=\"wp-block-button\"><a class=\"wp-block-button__link wp-element-button\">   Next   <\/a><\/div>\n<\/div>\n<\/div>","protected":false},"excerpt":{"rendered":"<p>Project\/Projecte\/Proyecto: PebbleScapeAuthor\/Autor: Tobias Bernstein Team&nbsp;TOKA Design&nbsp;have spent the residency refining a modular urban furniture system inspired by river pebbles. L\u2019equip\u00a0TOKA Design\u00a0ha dedicat la resid\u00e8ncia a perfeccionar un sistema de mobiliari urb\u00e0 modular inspirat en c\u00f2dols de riu.\u00a0El equipo\u00a0TOKA Design\u00a0ha dedicado la residencia a perfeccionar un sistema de mobiliario urbano modular inspirado en cantos rodados de [&hellip;]<\/p>\n","protected":false},"author":2,"featured_media":0,"parent":0,"menu_order":0,"comment_status":"closed","ping_status":"closed","template":"","meta":{"inline_featured_image":false,"footnotes":""},"class_list":["post-1200","page","type-page","status-publish","hentry"],"yoast_head":"<!-- This site is optimized with the Yoast SEO plugin v27.4 - https:\/\/yoast.com\/product\/yoast-seo-wordpress\/ -->\n<title>PebbleScape:\u00a0Nature Islands for Resilience - YouRban<\/title>\n<meta name=\"robots\" content=\"index, follow, max-snippet:-1, max-image-preview:large, max-video-preview:-1\" \/>\n<link rel=\"canonical\" href=\"https:\/\/www.yourban-europe.eu\/it\/pebblescape-nature-islands-for-resilience\/\" \/>\n<meta property=\"og:locale\" content=\"it_IT\" \/>\n<meta property=\"og:type\" content=\"article\" \/>\n<meta property=\"og:title\" content=\"PebbleScape:\u00a0Nature Islands for Resilience - YouRban\" \/>\n<meta property=\"og:description\" content=\"Project\/Projecte\/Proyecto: PebbleScapeAuthor\/Autor: Tobias Bernstein Team&nbsp;TOKA Design&nbsp;have spent the residency refining a modular urban furniture system inspired by river pebbles. L\u2019equip\u00a0TOKA Design\u00a0ha dedicat la resid\u00e8ncia a perfeccionar un sistema de mobiliari urb\u00e0 modular inspirat en c\u00f2dols de riu.\u00a0El equipo\u00a0TOKA Design\u00a0ha dedicado la residencia a perfeccionar un sistema de mobiliario urbano modular inspirado en cantos rodados de [&hellip;]\" \/>\n<meta property=\"og:url\" content=\"https:\/\/www.yourban-europe.eu\/it\/pebblescape-nature-islands-for-resilience\/\" \/>\n<meta property=\"og:site_name\" content=\"YouRban\" \/>\n<meta property=\"article:modified_time\" content=\"2026-04-21T14:01:29+00:00\" \/>\n<meta property=\"og:image\" content=\"https:\/\/www.yourban-europe.eu\/wp-content\/uploads\/260204_Shell_001-scaled.jpg\" \/>\n\t<meta property=\"og:image:width\" content=\"2560\" \/>\n\t<meta property=\"og:image:height\" content=\"1156\" \/>\n\t<meta property=\"og:image:type\" content=\"image\/jpeg\" \/>\n<meta name=\"twitter:card\" content=\"summary_large_image\" \/>\n<meta name=\"twitter:label1\" content=\"Tempo di lettura stimato\" \/>\n\t<meta name=\"twitter:data1\" content=\"5 minuti\" \/>\n<script type=\"application\/ld+json\" class=\"yoast-schema-graph\">{\"@context\":\"https:\\\/\\\/schema.org\",\"@graph\":[{\"@type\":\"WebPage\",\"@id\":\"https:\\\/\\\/www.yourban-europe.eu\\\/pebblescape-nature-islands-for-resilience\\\/\",\"url\":\"https:\\\/\\\/www.yourban-europe.eu\\\/pebblescape-nature-islands-for-resilience\\\/\",\"name\":\"PebbleScape:\u00a0Nature Islands for Resilience - YouRban\",\"isPartOf\":{\"@id\":\"https:\\\/\\\/www.yourban-europe.eu\\\/#website\"},\"primaryImageOfPage\":{\"@id\":\"https:\\\/\\\/www.yourban-europe.eu\\\/pebblescape-nature-islands-for-resilience\\\/#primaryimage\"},\"image\":{\"@id\":\"https:\\\/\\\/www.yourban-europe.eu\\\/pebblescape-nature-islands-for-resilience\\\/#primaryimage\"},\"thumbnailUrl\":\"https:\\\/\\\/www.yourban-europe.eu\\\/wp-content\\\/uploads\\\/260204_Shell_001-scaled.jpg\",\"datePublished\":\"2026-04-13T19:27:12+00:00\",\"dateModified\":\"2026-04-21T14:01:29+00:00\",\"breadcrumb\":{\"@id\":\"https:\\\/\\\/www.yourban-europe.eu\\\/pebblescape-nature-islands-for-resilience\\\/#breadcrumb\"},\"inLanguage\":\"it-IT\",\"potentialAction\":[{\"@type\":\"ReadAction\",\"target\":[\"https:\\\/\\\/www.yourban-europe.eu\\\/pebblescape-nature-islands-for-resilience\\\/\"]}]},{\"@type\":\"ImageObject\",\"inLanguage\":\"it-IT\",\"@id\":\"https:\\\/\\\/www.yourban-europe.eu\\\/pebblescape-nature-islands-for-resilience\\\/#primaryimage\",\"url\":\"https:\\\/\\\/www.yourban-europe.eu\\\/wp-content\\\/uploads\\\/260204_Shell_001-scaled.jpg\",\"contentUrl\":\"https:\\\/\\\/www.yourban-europe.eu\\\/wp-content\\\/uploads\\\/260204_Shell_001-scaled.jpg\"},{\"@type\":\"BreadcrumbList\",\"@id\":\"https:\\\/\\\/www.yourban-europe.eu\\\/pebblescape-nature-islands-for-resilience\\\/#breadcrumb\",\"itemListElement\":[{\"@type\":\"ListItem\",\"position\":1,\"name\":\"Home\",\"item\":\"https:\\\/\\\/www.yourban-europe.eu\\\/project\\\/\"},{\"@type\":\"ListItem\",\"position\":2,\"name\":\"PebbleScape:\u00a0Nature Islands for Resilience\"}]},{\"@type\":\"WebSite\",\"@id\":\"https:\\\/\\\/www.yourban-europe.eu\\\/#website\",\"url\":\"https:\\\/\\\/www.yourban-europe.eu\\\/\",\"name\":\"YouRban\",\"description\":\"\",\"publisher\":{\"@id\":\"https:\\\/\\\/www.yourban-europe.eu\\\/#organization\"},\"potentialAction\":[{\"@type\":\"SearchAction\",\"target\":{\"@type\":\"EntryPoint\",\"urlTemplate\":\"https:\\\/\\\/www.yourban-europe.eu\\\/?s={search_term_string}\"},\"query-input\":{\"@type\":\"PropertyValueSpecification\",\"valueRequired\":true,\"valueName\":\"search_term_string\"}}],\"inLanguage\":\"it-IT\"},{\"@type\":\"Organization\",\"@id\":\"https:\\\/\\\/www.yourban-europe.eu\\\/#organization\",\"name\":\"YouRban\",\"url\":\"https:\\\/\\\/www.yourban-europe.eu\\\/\",\"logo\":{\"@type\":\"ImageObject\",\"inLanguage\":\"it-IT\",\"@id\":\"https:\\\/\\\/www.yourban-europe.eu\\\/#\\\/schema\\\/logo\\\/image\\\/\",\"url\":\"https:\\\/\\\/www.yourban-europe.eu\\\/wp-content\\\/uploads\\\/240515_Yourban_LOGO_Black_DEL.png\",\"contentUrl\":\"https:\\\/\\\/www.yourban-europe.eu\\\/wp-content\\\/uploads\\\/240515_Yourban_LOGO_Black_DEL.png\",\"width\":2512,\"height\":418,\"caption\":\"YouRban\"},\"image\":{\"@id\":\"https:\\\/\\\/www.yourban-europe.eu\\\/#\\\/schema\\\/logo\\\/image\\\/\"},\"sameAs\":[\"https:\\\/\\\/www.linkedin.com\\\/company\\\/yourban.eu\"]}]}<\/script>\n<!-- \/ Yoast SEO plugin. -->","yoast_head_json":{"title":"PebbleScape:\u00a0Nature Islands for Resilience - YouRban","robots":{"index":"index","follow":"follow","max-snippet":"max-snippet:-1","max-image-preview":"max-image-preview:large","max-video-preview":"max-video-preview:-1"},"canonical":"https:\/\/www.yourban-europe.eu\/it\/pebblescape-nature-islands-for-resilience\/","og_locale":"it_IT","og_type":"article","og_title":"PebbleScape:\u00a0Nature Islands for Resilience - YouRban","og_description":"Project\/Projecte\/Proyecto: PebbleScapeAuthor\/Autor: Tobias Bernstein Team&nbsp;TOKA Design&nbsp;have spent the residency refining a modular urban furniture system inspired by river pebbles. L\u2019equip\u00a0TOKA Design\u00a0ha dedicat la resid\u00e8ncia a perfeccionar un sistema de mobiliari urb\u00e0 modular inspirat en c\u00f2dols de riu.\u00a0El equipo\u00a0TOKA Design\u00a0ha dedicado la residencia a perfeccionar un sistema de mobiliario urbano modular inspirado en cantos rodados de [&hellip;]","og_url":"https:\/\/www.yourban-europe.eu\/it\/pebblescape-nature-islands-for-resilience\/","og_site_name":"YouRban","article_modified_time":"2026-04-21T14:01:29+00:00","og_image":[{"width":2560,"height":1156,"url":"https:\/\/www.yourban-europe.eu\/wp-content\/uploads\/260204_Shell_001-scaled.jpg","type":"image\/jpeg"}],"twitter_card":"summary_large_image","twitter_misc":{"Tempo di lettura stimato":"5 minuti"},"schema":{"@context":"https:\/\/schema.org","@graph":[{"@type":"WebPage","@id":"https:\/\/www.yourban-europe.eu\/pebblescape-nature-islands-for-resilience\/","url":"https:\/\/www.yourban-europe.eu\/pebblescape-nature-islands-for-resilience\/","name":"PebbleScape:\u00a0Nature Islands for Resilience - YouRban","isPartOf":{"@id":"https:\/\/www.yourban-europe.eu\/#website"},"primaryImageOfPage":{"@id":"https:\/\/www.yourban-europe.eu\/pebblescape-nature-islands-for-resilience\/#primaryimage"},"image":{"@id":"https:\/\/www.yourban-europe.eu\/pebblescape-nature-islands-for-resilience\/#primaryimage"},"thumbnailUrl":"https:\/\/www.yourban-europe.eu\/wp-content\/uploads\/260204_Shell_001-scaled.jpg","datePublished":"2026-04-13T19:27:12+00:00","dateModified":"2026-04-21T14:01:29+00:00","breadcrumb":{"@id":"https:\/\/www.yourban-europe.eu\/pebblescape-nature-islands-for-resilience\/#breadcrumb"},"inLanguage":"it-IT","potentialAction":[{"@type":"ReadAction","target":["https:\/\/www.yourban-europe.eu\/pebblescape-nature-islands-for-resilience\/"]}]},{"@type":"ImageObject","inLanguage":"it-IT","@id":"https:\/\/www.yourban-europe.eu\/pebblescape-nature-islands-for-resilience\/#primaryimage","url":"https:\/\/www.yourban-europe.eu\/wp-content\/uploads\/260204_Shell_001-scaled.jpg","contentUrl":"https:\/\/www.yourban-europe.eu\/wp-content\/uploads\/260204_Shell_001-scaled.jpg"},{"@type":"BreadcrumbList","@id":"https:\/\/www.yourban-europe.eu\/pebblescape-nature-islands-for-resilience\/#breadcrumb","itemListElement":[{"@type":"ListItem","position":1,"name":"Home","item":"https:\/\/www.yourban-europe.eu\/project\/"},{"@type":"ListItem","position":2,"name":"PebbleScape:\u00a0Nature Islands for Resilience"}]},{"@type":"WebSite","@id":"https:\/\/www.yourban-europe.eu\/#website","url":"https:\/\/www.yourban-europe.eu\/","name":"YouRban","description":"","publisher":{"@id":"https:\/\/www.yourban-europe.eu\/#organization"},"potentialAction":[{"@type":"SearchAction","target":{"@type":"EntryPoint","urlTemplate":"https:\/\/www.yourban-europe.eu\/?s={search_term_string}"},"query-input":{"@type":"PropertyValueSpecification","valueRequired":true,"valueName":"search_term_string"}}],"inLanguage":"it-IT"},{"@type":"Organization","@id":"https:\/\/www.yourban-europe.eu\/#organization","name":"YouRban","url":"https:\/\/www.yourban-europe.eu\/","logo":{"@type":"ImageObject","inLanguage":"it-IT","@id":"https:\/\/www.yourban-europe.eu\/#\/schema\/logo\/image\/","url":"https:\/\/www.yourban-europe.eu\/wp-content\/uploads\/240515_Yourban_LOGO_Black_DEL.png","contentUrl":"https:\/\/www.yourban-europe.eu\/wp-content\/uploads\/240515_Yourban_LOGO_Black_DEL.png","width":2512,"height":418,"caption":"YouRban"},"image":{"@id":"https:\/\/www.yourban-europe.eu\/#\/schema\/logo\/image\/"},"sameAs":["https:\/\/www.linkedin.com\/company\/yourban.eu"]}]}},"_links":{"self":[{"href":"https:\/\/www.yourban-europe.eu\/it\/wp-json\/wp\/v2\/pages\/1200","targetHints":{"allow":["GET"]}}],"collection":[{"href":"https:\/\/www.yourban-europe.eu\/it\/wp-json\/wp\/v2\/pages"}],"about":[{"href":"https:\/\/www.yourban-europe.eu\/it\/wp-json\/wp\/v2\/types\/page"}],"author":[{"embeddable":true,"href":"https:\/\/www.yourban-europe.eu\/it\/wp-json\/wp\/v2\/users\/2"}],"replies":[{"embeddable":true,"href":"https:\/\/www.yourban-europe.eu\/it\/wp-json\/wp\/v2\/comments?post=1200"}],"version-history":[{"count":8,"href":"https:\/\/www.yourban-europe.eu\/it\/wp-json\/wp\/v2\/pages\/1200\/revisions"}],"predecessor-version":[{"id":1421,"href":"https:\/\/www.yourban-europe.eu\/it\/wp-json\/wp\/v2\/pages\/1200\/revisions\/1421"}],"wp:attachment":[{"href":"https:\/\/www.yourban-europe.eu\/it\/wp-json\/wp\/v2\/media?parent=1200"}],"curies":[{"name":"wp","href":"https:\/\/api.w.org\/{rel}","templated":true}]}}