{"id":1210,"date":"2026-04-08T17:44:41","date_gmt":"2026-04-08T15:44:41","guid":{"rendered":"https:\/\/www.yourban-europe.eu\/?page_id=1210"},"modified":"2026-04-22T16:05:39","modified_gmt":"2026-04-22T14:05:39","slug":"the-forest-observation-platform","status":"publish","type":"page","link":"https:\/\/www.yourban-europe.eu\/it\/the-forest-observation-platform\/","title":{"rendered":"The Forest Observation Platform"},"content":{"rendered":"<div class=\"wp-block-group alignfull has-custom-eu-background-color has-background has-global-padding is-content-justification-center is-layout-constrained wp-container-core-group-is-layout-4137631a wp-block-group-is-layout-constrained\" style=\"margin-top:0;margin-bottom:0;padding-top:var(--wp--preset--spacing--50);padding-right:var(--wp--preset--spacing--50);padding-bottom:var(--wp--preset--spacing--50);padding-left:var(--wp--preset--spacing--50)\">\n<div class=\"wp-block-columns alignwide is-layout-flex wp-container-core-columns-is-layout-28f84493 wp-block-columns-is-layout-flex\">\n<div class=\"wp-block-column is-layout-flow wp-block-column-is-layout-flow\" style=\"flex-basis:40%\">\n<p class=\"has-base-2-color has-text-color has-link-color wp-elements-308df5042debfa03eb5eaa0ad75b42ed wp-container-content-0733e5d0\">Project\/<em>Projecte<\/em>\/Proyecto: The Forest Observation Platform<br>Author\/<em>Autor<\/em>: Madeleine Beltrandi and Mathilde Magada Cahill<\/p>\n<\/div>\n\n\n\n<div class=\"wp-block-column is-layout-flow wp-block-column-is-layout-flow\" style=\"flex-basis:60%\">\n<p class=\"has-base-2-color has-text-color has-link-color has-x-large-font-size wp-elements-f8bd29b513beaaa185d1d6da32c0b442\" style=\"line-height:1.2\">A modular structure to connect people with the forest \u2014 inviting them to slow down, explore nature, play, and engage their senses.<\/p>\n\n\n\n<p class=\"has-base-2-color has-text-color has-link-color wp-elements-de2a5014bb18660d9f39075d8de27709\"><em>Una estructura modular per connectar les persones amb el bosc \u2014 convidant-les a frenar, explorar la natura, jugar i activar els sentits.<\/em><br>Una estructura modular para conectar a las personas con el bosque \u2014 invit\u00e1ndolas a ralentizar, explorar la naturaleza, jugar y activar los sentidos.<\/p>\n<\/div>\n<\/div>\n<\/div>\n\n\n\n<div class=\"wp-block-group alignfull has-base-background-color has-background has-global-padding is-layout-constrained wp-container-core-group-is-layout-c146a9a4 wp-block-group-is-layout-constrained\" style=\"margin-top:0;margin-bottom:0;padding-top:var(--wp--preset--spacing--10);padding-right:var(--wp--preset--spacing--50);padding-bottom:var(--wp--preset--spacing--10);padding-left:var(--wp--preset--spacing--50)\">\n<div class=\"wp-block-columns alignwide is-layout-flex wp-container-core-columns-is-layout-549b0c86 wp-block-columns-is-layout-flex\">\n<div class=\"wp-block-column has-global-padding is-content-justification-left is-layout-constrained wp-container-core-column-is-layout-fe358c2d wp-block-column-is-layout-constrained\" style=\"flex-basis:40%\">\n<figure class=\"wp-block-image size-full\" style=\"margin-top:var(--wp--preset--spacing--30);margin-right:0;margin-bottom:var(--wp--preset--spacing--30);margin-left:0\"><img loading=\"lazy\" decoding=\"async\" width=\"2560\" height=\"1399\" src=\"https:\/\/www.yourban-europe.eu\/wp-content\/uploads\/forestplatform2-scaled.png\" alt=\"\" class=\"wp-image-1286\" srcset=\"https:\/\/www.yourban-europe.eu\/wp-content\/uploads\/forestplatform2-scaled.png 2560w, https:\/\/www.yourban-europe.eu\/wp-content\/uploads\/forestplatform2-768x420.png 768w, https:\/\/www.yourban-europe.eu\/wp-content\/uploads\/forestplatform2-1536x840.png 1536w, https:\/\/www.yourban-europe.eu\/wp-content\/uploads\/forestplatform2-2048x1119.png 2048w, https:\/\/www.yourban-europe.eu\/wp-content\/uploads\/forestplatform2-18x10.png 18w\" sizes=\"auto, (max-width: 2560px) 100vw, 2560px\" \/><\/figure>\n\n\n\n<figure class=\"wp-block-image size-full\"><img loading=\"lazy\" decoding=\"async\" width=\"2560\" height=\"1920\" src=\"https:\/\/www.yourban-europe.eu\/wp-content\/uploads\/P1010402-scaled.jpg\" alt=\"\" class=\"wp-image-1511\" srcset=\"https:\/\/www.yourban-europe.eu\/wp-content\/uploads\/P1010402-scaled.jpg 2560w, https:\/\/www.yourban-europe.eu\/wp-content\/uploads\/P1010402-768x576.jpg 768w, https:\/\/www.yourban-europe.eu\/wp-content\/uploads\/P1010402-1536x1152.jpg 1536w, https:\/\/www.yourban-europe.eu\/wp-content\/uploads\/P1010402-2048x1536.jpg 2048w, https:\/\/www.yourban-europe.eu\/wp-content\/uploads\/P1010402-16x12.jpg 16w\" sizes=\"auto, (max-width: 2560px) 100vw, 2560px\" \/><figcaption class=\"wp-element-caption\">OLYMPUS DIGITAL CAMERA<\/figcaption><\/figure>\n\n\n\n<figure class=\"wp-block-image size-full\"><img loading=\"lazy\" decoding=\"async\" width=\"2560\" height=\"1920\" src=\"https:\/\/www.yourban-europe.eu\/wp-content\/uploads\/P1010311-scaled.jpg\" alt=\"\" class=\"wp-image-1512\" srcset=\"https:\/\/www.yourban-europe.eu\/wp-content\/uploads\/P1010311-scaled.jpg 2560w, https:\/\/www.yourban-europe.eu\/wp-content\/uploads\/P1010311-768x576.jpg 768w, https:\/\/www.yourban-europe.eu\/wp-content\/uploads\/P1010311-1536x1152.jpg 1536w, https:\/\/www.yourban-europe.eu\/wp-content\/uploads\/P1010311-2048x1536.jpg 2048w, https:\/\/www.yourban-europe.eu\/wp-content\/uploads\/P1010311-16x12.jpg 16w\" sizes=\"auto, (max-width: 2560px) 100vw, 2560px\" \/><figcaption class=\"wp-element-caption\">OLYMPUS DIGITAL CAMERA<\/figcaption><\/figure>\n<\/div>\n\n\n\n<div class=\"wp-block-column is-layout-flow wp-block-column-is-layout-flow\"><\/div>\n\n\n\n<div class=\"wp-block-column is-layout-flow wp-container-core-column-is-layout-f5bb311e wp-block-column-is-layout-flow\" style=\"flex-basis:60%\">\n<p class=\"has-heading-font-family has-x-large-font-size\" style=\"margin-top:var(--wp--preset--spacing--30);margin-bottom:var(--wp--preset--spacing--30);line-height:1.2\">An interactive pathway through the forest to explore the relationship we have with nature in urban spaces.<\/p>\n\n\n\n<div class=\"wp-block-columns is-layout-flex wp-container-core-columns-is-layout-87beb0d0 wp-block-columns-is-layout-flex\">\n<div class=\"wp-block-column is-layout-flow wp-block-column-is-layout-flow\">\n<p class=\"wp-container-content-9cfa9a5a\"><strong>ENG<\/strong><br>What happens when a place that has been neglected by people is<br>quietly thriving without them?<\/p>\n\n\n\n<p class=\"wp-container-content-9cfa9a5a\">This was the question we explored during the YouRban residency. Spending time in the undergrowth of La Goccia Forest, we realised how little we knew about the ecosystem growing alongside us. The residency became an opportunity to develop tangible ways of rethinking the relationship between people and nature in urban spaces, including non-human species within the design process.<\/p>\n\n\n\n<p class=\"wp-container-content-9cfa9a5a\">The forest observation platform is a modular structure which invites humans to slow down and observe their surroundings, to learn about the flora and fauna, to take a pause and change their point of view, to play and climb, to touch and listen.<\/p>\n\n\n\n<p class=\"wp-container-content-9cfa9a5a\">The platforms that compose the structure are conceived to bring attention to different elements of the forest, creating interactions between nature and humans. The platforms created are: a platform with concave parts reminiscent of the erosion of water, plastic moulded from the barks of different trees from La Goccia to create textured platforms, and a platform with tunnels to allow ants to walk through it.<\/p>\n\n\n\n<p class=\"wp-container-content-9cfa9a5a\">The FOP is designed around three modes of engagement: exploration, observation, and interaction. The platforms allow to create pathways through the forest, as well as, observation point for human visitors to explore the natural surroundings with care and respect of the flora and fauna that inhabit it.<\/p>\n\n\n\n<hr class=\"wp-block-separator has-alpha-channel-opacity\"\/>\n\n\n\n<p><em><strong>CAT<\/strong><\/em><br><em>Qu\u00e8 passa quan un lloc que ha estat abandonat per les persones prospera silenciosament sense elles?<\/em><\/p>\n\n\n\n<p><em>Aquesta va ser la pregunta que vam explorar durant la resid\u00e8ncia YouRban. Passant temps al sotabosc del bosc de La Goccia, vam adonar-nos de com poc coneix\u00edem l\u2019ecosistema que creixia al nostre costat. La resid\u00e8ncia es va convertir en una oportunitat per repensar la relaci\u00f3 entre les persones i la natura en entorns urbans, incorporant les esp\u00e8cies no humanes dins del proc\u00e9s de disseny.<\/em><\/p>\n\n\n\n<p><em>La plataforma d\u2019observaci\u00f3 del bosc \u00e9s una estructura modular que convida les persones a frenar i observar l\u2019entorn, con\u00e8ixer la flora i la fauna, fer una pausa i canviar el punt de vista, jugar, escalar, tocar i escoltar.<\/em><\/p>\n\n\n\n<p><em>Les plataformes que la componen estan pensades per posar en valor diferents elements del bosc i crear interaccions entre natura i humans. N\u2019hi ha amb formes c\u00f2ncaves que recorden l\u2019erosi\u00f3 de l\u2019aigua, peces de pl\u00e0stic modelades a partir de l\u2019escor\u00e7a d\u2019arbres de La Goccia per generar superf\u00edcies texturades, i plataformes amb t\u00fanels que permeten el pas de les formigues.<\/em><\/p>\n\n\n\n<p><em>El FOP es basa en tres modes d\u2019interacci\u00f3: exploraci\u00f3, observaci\u00f3 i interacci\u00f3. Les plataformes permeten crear recorreguts pel bosc i punts d\u2019observaci\u00f3 perqu\u00e8 els visitants explorin l\u2019entorn natural amb cura i respecte per la flora i la fauna que l\u2019habiten.<\/em><\/p>\n\n\n\n<hr class=\"wp-block-separator has-alpha-channel-opacity\"\/>\n\n\n\n<p><strong>ESP<\/strong><br>\u00bfQu\u00e9 ocurre cuando un lugar que ha sido abandonado por las personas prospera silenciosamente sin ellas?<\/p>\n\n\n\n<p>Esta fue la pregunta que exploramos durante la residencia YouRban. Pasando tiempo en el sotobosque del bosque de La Goccia, nos dimos cuenta de lo poco que conoc\u00edamos el ecosistema que crec\u00eda a nuestro lado. La residencia se convirti\u00f3 en una oportunidad para repensar la relaci\u00f3n entre las personas y la naturaleza en entornos urbanos, incorporando a las especies no humanas dentro del proceso de dise\u00f1o.<\/p>\n\n\n\n<p>La plataforma de observaci\u00f3n del bosque es una estructura modular que invita a las personas a ralentizar y observar el entorno, conocer la flora y la fauna, hacer una pausa y cambiar el punto de vista, jugar, trepar, tocar y escuchar.<\/p>\n\n\n\n<p>Las plataformas que la componen est\u00e1n pensadas para poner en valor distintos elementos del bosque y crear interacciones entre naturaleza y humanos. Hay plataformas con formas c\u00f3ncavas que recuerdan la erosi\u00f3n del agua, piezas de pl\u00e1stico moldeadas a partir de la corteza de \u00e1rboles de La Goccia para generar superficies texturadas, y plataformas con t\u00faneles que permiten el paso de las hormigas.<\/p>\n\n\n\n<p>El FOP se basa en tres modos de interacci\u00f3n: exploraci\u00f3n, observaci\u00f3n e interacci\u00f3n. Las plataformas permiten crear recorridos por el bosque y puntos de observaci\u00f3n para que los visitantes exploren el entorno natural con cuidado y respeto por la flora y la fauna que lo habitan.<\/p>\n<\/div>\n<\/div>\n<\/div>\n<\/div>\n\n\n\n<figure class=\"wp-block-image size-full\" style=\"margin-top:var(--wp--preset--spacing--30);margin-bottom:var(--wp--preset--spacing--30)\"><img loading=\"lazy\" decoding=\"async\" width=\"2560\" height=\"1242\" src=\"https:\/\/www.yourban-europe.eu\/wp-content\/uploads\/full-platform-scaled.png\" alt=\"\" class=\"wp-image-1510\" srcset=\"https:\/\/www.yourban-europe.eu\/wp-content\/uploads\/full-platform-scaled.png 2560w, https:\/\/www.yourban-europe.eu\/wp-content\/uploads\/full-platform-768x372.png 768w, https:\/\/www.yourban-europe.eu\/wp-content\/uploads\/full-platform-1536x745.png 1536w, https:\/\/www.yourban-europe.eu\/wp-content\/uploads\/full-platform-2048x993.png 2048w, https:\/\/www.yourban-europe.eu\/wp-content\/uploads\/full-platform-18x9.png 18w\" sizes=\"auto, (max-width: 2560px) 100vw, 2560px\" \/><\/figure>\n\n\n\n<div class=\"wp-block-buttons is-horizontal is-content-justification-center is-layout-flex wp-container-core-buttons-is-layout-24574a97 wp-block-buttons-is-layout-flex\" style=\"margin-top:0;margin-bottom:0;padding-top:var(--wp--preset--spacing--10);padding-right:0;padding-bottom:var(--wp--preset--spacing--10);padding-left:0\">\n<div class=\"wp-block-button is-style-outline is-style-outline--1\"><a class=\"wp-block-button__link wp-element-button\">Previous<\/a><\/div>\n\n\n\n<div class=\"wp-block-button\"><a class=\"wp-block-button__link wp-element-button\">   Next   <\/a><\/div>\n<\/div>\n<\/div>","protected":false},"excerpt":{"rendered":"<p>Project\/Projecte\/Proyecto: The Forest Observation PlatformAuthor\/Autor: Madeleine Beltrandi and Mathilde Magada Cahill A modular structure to connect people with the forest \u2014 inviting them to slow down, explore nature, play, and engage their senses. Una estructura modular per connectar les persones amb el bosc \u2014 convidant-les a frenar, explorar la natura, jugar i activar els sentits.Una [&hellip;]<\/p>\n","protected":false},"author":2,"featured_media":0,"parent":0,"menu_order":0,"comment_status":"closed","ping_status":"closed","template":"","meta":{"inline_featured_image":false,"footnotes":""},"class_list":["post-1210","page","type-page","status-publish","hentry"],"yoast_head":"<!-- This site is optimized with the Yoast SEO plugin v27.4 - https:\/\/yoast.com\/product\/yoast-seo-wordpress\/ -->\n<title>The Forest Observation Platform - YouRban<\/title>\n<meta name=\"robots\" content=\"index, follow, max-snippet:-1, max-image-preview:large, max-video-preview:-1\" \/>\n<link rel=\"canonical\" href=\"https:\/\/www.yourban-europe.eu\/it\/the-forest-observation-platform\/\" \/>\n<meta property=\"og:locale\" content=\"it_IT\" \/>\n<meta property=\"og:type\" content=\"article\" \/>\n<meta property=\"og:title\" content=\"The Forest Observation Platform - YouRban\" \/>\n<meta property=\"og:description\" content=\"Project\/Projecte\/Proyecto: The Forest Observation PlatformAuthor\/Autor: Madeleine Beltrandi and Mathilde Magada Cahill A modular structure to connect people with the forest \u2014 inviting them to slow down, explore nature, play, and engage their senses. Una estructura modular per connectar les persones amb el bosc \u2014 convidant-les a frenar, explorar la natura, jugar i activar els sentits.Una [&hellip;]\" \/>\n<meta property=\"og:url\" content=\"https:\/\/www.yourban-europe.eu\/it\/the-forest-observation-platform\/\" \/>\n<meta property=\"og:site_name\" content=\"YouRban\" \/>\n<meta property=\"article:modified_time\" content=\"2026-04-22T14:05:39+00:00\" \/>\n<meta property=\"og:image\" content=\"https:\/\/www.yourban-europe.eu\/wp-content\/uploads\/forestplatform2-scaled.png\" \/>\n\t<meta property=\"og:image:width\" content=\"2560\" \/>\n\t<meta property=\"og:image:height\" content=\"1399\" \/>\n\t<meta property=\"og:image:type\" content=\"image\/png\" \/>\n<meta name=\"twitter:card\" content=\"summary_large_image\" \/>\n<meta name=\"twitter:label1\" content=\"Tempo di lettura stimato\" \/>\n\t<meta name=\"twitter:data1\" content=\"5 minuti\" \/>\n<script type=\"application\/ld+json\" class=\"yoast-schema-graph\">{\"@context\":\"https:\\\/\\\/schema.org\",\"@graph\":[{\"@type\":\"WebPage\",\"@id\":\"https:\\\/\\\/www.yourban-europe.eu\\\/the-forest-observation-platform\\\/\",\"url\":\"https:\\\/\\\/www.yourban-europe.eu\\\/the-forest-observation-platform\\\/\",\"name\":\"The Forest Observation Platform - YouRban\",\"isPartOf\":{\"@id\":\"https:\\\/\\\/www.yourban-europe.eu\\\/#website\"},\"primaryImageOfPage\":{\"@id\":\"https:\\\/\\\/www.yourban-europe.eu\\\/the-forest-observation-platform\\\/#primaryimage\"},\"image\":{\"@id\":\"https:\\\/\\\/www.yourban-europe.eu\\\/the-forest-observation-platform\\\/#primaryimage\"},\"thumbnailUrl\":\"https:\\\/\\\/www.yourban-europe.eu\\\/wp-content\\\/uploads\\\/forestplatform2-scaled.png\",\"datePublished\":\"2026-04-08T15:44:41+00:00\",\"dateModified\":\"2026-04-22T14:05:39+00:00\",\"breadcrumb\":{\"@id\":\"https:\\\/\\\/www.yourban-europe.eu\\\/the-forest-observation-platform\\\/#breadcrumb\"},\"inLanguage\":\"it-IT\",\"potentialAction\":[{\"@type\":\"ReadAction\",\"target\":[\"https:\\\/\\\/www.yourban-europe.eu\\\/the-forest-observation-platform\\\/\"]}]},{\"@type\":\"ImageObject\",\"inLanguage\":\"it-IT\",\"@id\":\"https:\\\/\\\/www.yourban-europe.eu\\\/the-forest-observation-platform\\\/#primaryimage\",\"url\":\"https:\\\/\\\/www.yourban-europe.eu\\\/wp-content\\\/uploads\\\/forestplatform2-scaled.png\",\"contentUrl\":\"https:\\\/\\\/www.yourban-europe.eu\\\/wp-content\\\/uploads\\\/forestplatform2-scaled.png\"},{\"@type\":\"BreadcrumbList\",\"@id\":\"https:\\\/\\\/www.yourban-europe.eu\\\/the-forest-observation-platform\\\/#breadcrumb\",\"itemListElement\":[{\"@type\":\"ListItem\",\"position\":1,\"name\":\"Home\",\"item\":\"https:\\\/\\\/www.yourban-europe.eu\\\/project\\\/\"},{\"@type\":\"ListItem\",\"position\":2,\"name\":\"The Forest Observation Platform\"}]},{\"@type\":\"WebSite\",\"@id\":\"https:\\\/\\\/www.yourban-europe.eu\\\/#website\",\"url\":\"https:\\\/\\\/www.yourban-europe.eu\\\/\",\"name\":\"YouRban\",\"description\":\"\",\"publisher\":{\"@id\":\"https:\\\/\\\/www.yourban-europe.eu\\\/#organization\"},\"potentialAction\":[{\"@type\":\"SearchAction\",\"target\":{\"@type\":\"EntryPoint\",\"urlTemplate\":\"https:\\\/\\\/www.yourban-europe.eu\\\/?s={search_term_string}\"},\"query-input\":{\"@type\":\"PropertyValueSpecification\",\"valueRequired\":true,\"valueName\":\"search_term_string\"}}],\"inLanguage\":\"it-IT\"},{\"@type\":\"Organization\",\"@id\":\"https:\\\/\\\/www.yourban-europe.eu\\\/#organization\",\"name\":\"YouRban\",\"url\":\"https:\\\/\\\/www.yourban-europe.eu\\\/\",\"logo\":{\"@type\":\"ImageObject\",\"inLanguage\":\"it-IT\",\"@id\":\"https:\\\/\\\/www.yourban-europe.eu\\\/#\\\/schema\\\/logo\\\/image\\\/\",\"url\":\"https:\\\/\\\/www.yourban-europe.eu\\\/wp-content\\\/uploads\\\/240515_Yourban_LOGO_Black_DEL.png\",\"contentUrl\":\"https:\\\/\\\/www.yourban-europe.eu\\\/wp-content\\\/uploads\\\/240515_Yourban_LOGO_Black_DEL.png\",\"width\":2512,\"height\":418,\"caption\":\"YouRban\"},\"image\":{\"@id\":\"https:\\\/\\\/www.yourban-europe.eu\\\/#\\\/schema\\\/logo\\\/image\\\/\"},\"sameAs\":[\"https:\\\/\\\/www.linkedin.com\\\/company\\\/yourban.eu\"]}]}<\/script>\n<!-- \/ Yoast SEO plugin. -->","yoast_head_json":{"title":"The Forest Observation Platform - YouRban","robots":{"index":"index","follow":"follow","max-snippet":"max-snippet:-1","max-image-preview":"max-image-preview:large","max-video-preview":"max-video-preview:-1"},"canonical":"https:\/\/www.yourban-europe.eu\/it\/the-forest-observation-platform\/","og_locale":"it_IT","og_type":"article","og_title":"The Forest Observation Platform - YouRban","og_description":"Project\/Projecte\/Proyecto: The Forest Observation PlatformAuthor\/Autor: Madeleine Beltrandi and Mathilde Magada Cahill A modular structure to connect people with the forest \u2014 inviting them to slow down, explore nature, play, and engage their senses. Una estructura modular per connectar les persones amb el bosc \u2014 convidant-les a frenar, explorar la natura, jugar i activar els sentits.Una [&hellip;]","og_url":"https:\/\/www.yourban-europe.eu\/it\/the-forest-observation-platform\/","og_site_name":"YouRban","article_modified_time":"2026-04-22T14:05:39+00:00","og_image":[{"url":"https:\/\/www.yourban-europe.eu\/wp-content\/uploads\/forestplatform2-scaled.png","width":2560,"height":1399,"type":"image\/png"}],"twitter_card":"summary_large_image","twitter_misc":{"Tempo di lettura stimato":"5 minuti"},"schema":{"@context":"https:\/\/schema.org","@graph":[{"@type":"WebPage","@id":"https:\/\/www.yourban-europe.eu\/the-forest-observation-platform\/","url":"https:\/\/www.yourban-europe.eu\/the-forest-observation-platform\/","name":"The Forest Observation Platform - YouRban","isPartOf":{"@id":"https:\/\/www.yourban-europe.eu\/#website"},"primaryImageOfPage":{"@id":"https:\/\/www.yourban-europe.eu\/the-forest-observation-platform\/#primaryimage"},"image":{"@id":"https:\/\/www.yourban-europe.eu\/the-forest-observation-platform\/#primaryimage"},"thumbnailUrl":"https:\/\/www.yourban-europe.eu\/wp-content\/uploads\/forestplatform2-scaled.png","datePublished":"2026-04-08T15:44:41+00:00","dateModified":"2026-04-22T14:05:39+00:00","breadcrumb":{"@id":"https:\/\/www.yourban-europe.eu\/the-forest-observation-platform\/#breadcrumb"},"inLanguage":"it-IT","potentialAction":[{"@type":"ReadAction","target":["https:\/\/www.yourban-europe.eu\/the-forest-observation-platform\/"]}]},{"@type":"ImageObject","inLanguage":"it-IT","@id":"https:\/\/www.yourban-europe.eu\/the-forest-observation-platform\/#primaryimage","url":"https:\/\/www.yourban-europe.eu\/wp-content\/uploads\/forestplatform2-scaled.png","contentUrl":"https:\/\/www.yourban-europe.eu\/wp-content\/uploads\/forestplatform2-scaled.png"},{"@type":"BreadcrumbList","@id":"https:\/\/www.yourban-europe.eu\/the-forest-observation-platform\/#breadcrumb","itemListElement":[{"@type":"ListItem","position":1,"name":"Home","item":"https:\/\/www.yourban-europe.eu\/project\/"},{"@type":"ListItem","position":2,"name":"The Forest Observation Platform"}]},{"@type":"WebSite","@id":"https:\/\/www.yourban-europe.eu\/#website","url":"https:\/\/www.yourban-europe.eu\/","name":"YouRban","description":"","publisher":{"@id":"https:\/\/www.yourban-europe.eu\/#organization"},"potentialAction":[{"@type":"SearchAction","target":{"@type":"EntryPoint","urlTemplate":"https:\/\/www.yourban-europe.eu\/?s={search_term_string}"},"query-input":{"@type":"PropertyValueSpecification","valueRequired":true,"valueName":"search_term_string"}}],"inLanguage":"it-IT"},{"@type":"Organization","@id":"https:\/\/www.yourban-europe.eu\/#organization","name":"YouRban","url":"https:\/\/www.yourban-europe.eu\/","logo":{"@type":"ImageObject","inLanguage":"it-IT","@id":"https:\/\/www.yourban-europe.eu\/#\/schema\/logo\/image\/","url":"https:\/\/www.yourban-europe.eu\/wp-content\/uploads\/240515_Yourban_LOGO_Black_DEL.png","contentUrl":"https:\/\/www.yourban-europe.eu\/wp-content\/uploads\/240515_Yourban_LOGO_Black_DEL.png","width":2512,"height":418,"caption":"YouRban"},"image":{"@id":"https:\/\/www.yourban-europe.eu\/#\/schema\/logo\/image\/"},"sameAs":["https:\/\/www.linkedin.com\/company\/yourban.eu"]}]}},"_links":{"self":[{"href":"https:\/\/www.yourban-europe.eu\/it\/wp-json\/wp\/v2\/pages\/1210","targetHints":{"allow":["GET"]}}],"collection":[{"href":"https:\/\/www.yourban-europe.eu\/it\/wp-json\/wp\/v2\/pages"}],"about":[{"href":"https:\/\/www.yourban-europe.eu\/it\/wp-json\/wp\/v2\/types\/page"}],"author":[{"embeddable":true,"href":"https:\/\/www.yourban-europe.eu\/it\/wp-json\/wp\/v2\/users\/2"}],"replies":[{"embeddable":true,"href":"https:\/\/www.yourban-europe.eu\/it\/wp-json\/wp\/v2\/comments?post=1210"}],"version-history":[{"count":8,"href":"https:\/\/www.yourban-europe.eu\/it\/wp-json\/wp\/v2\/pages\/1210\/revisions"}],"predecessor-version":[{"id":1514,"href":"https:\/\/www.yourban-europe.eu\/it\/wp-json\/wp\/v2\/pages\/1210\/revisions\/1514"}],"wp:attachment":[{"href":"https:\/\/www.yourban-europe.eu\/it\/wp-json\/wp\/v2\/media?parent=1210"}],"curies":[{"name":"wp","href":"https:\/\/api.w.org\/{rel}","templated":true}]}}