{"id":1222,"date":"2026-04-13T21:35:53","date_gmt":"2026-04-13T19:35:53","guid":{"rendered":"https:\/\/www.yourban-europe.eu\/?page_id=1222"},"modified":"2026-04-21T17:28:28","modified_gmt":"2026-04-21T15:28:28","slug":"replastic-lamps","status":"publish","type":"page","link":"https:\/\/www.yourban-europe.eu\/it\/replastic-lamps\/","title":{"rendered":"Replastic Lamps"},"content":{"rendered":"<div class=\"wp-block-group alignfull has-custom-eu-background-color has-background has-global-padding is-content-justification-center is-layout-constrained wp-container-core-group-is-layout-4137631a wp-block-group-is-layout-constrained\" style=\"margin-top:0;margin-bottom:0;padding-top:var(--wp--preset--spacing--50);padding-right:var(--wp--preset--spacing--50);padding-bottom:var(--wp--preset--spacing--50);padding-left:var(--wp--preset--spacing--50)\">\n<div class=\"wp-block-columns alignwide is-layout-flex wp-container-core-columns-is-layout-28f84493 wp-block-columns-is-layout-flex\">\n<div class=\"wp-block-column is-layout-flow wp-block-column-is-layout-flow\" style=\"flex-basis:40%\">\n<p class=\"has-base-2-color has-text-color has-link-color wp-elements-a7b77c633318c89499f81cadc255d76d wp-container-content-0733e5d0\">Project\/<em>Projecte<\/em>\/Proyecto: Replastic Lamps<br>Author\/<em>Autor<\/em>: Rosa Llinas Queralt<\/p>\n<\/div>\n\n\n\n<div class=\"wp-block-column is-layout-flow wp-block-column-is-layout-flow\" style=\"flex-basis:60%\">\n<p class=\"has-base-2-color has-text-color has-link-color has-x-large-font-size wp-elements-9c30f0be2695559f5f5e2a53ec40c76f\" style=\"line-height:1.2\"><strong>Rosa Llinars<\/strong>&nbsp;is pushing the boundaries of rFRP translucency with her modular lamp designs.<\/p>\n\n\n\n<p class=\"has-base-2-color has-text-color has-link-color wp-elements-3ea24383c3b3a70ca55411c2066762d8\"><em>Rosa Llinars\u00a0est\u00e0 ampliant els l\u00edmits de la translucidesa del rFRP amb els seus dissenys de l\u00e0mpades modulars.<\/em><br>Rosa Llinars\u00a0est\u00e1 ampliando los l\u00edmites de la translucidez del rFRP con sus dise\u00f1os de l\u00e1mparas modulares.<\/p>\n<\/div>\n<\/div>\n<\/div>\n\n\n\n<div class=\"wp-block-group alignfull has-base-background-color has-background has-global-padding is-layout-constrained wp-container-core-group-is-layout-c146a9a4 wp-block-group-is-layout-constrained\" style=\"margin-top:0;margin-bottom:0;padding-top:var(--wp--preset--spacing--10);padding-right:var(--wp--preset--spacing--50);padding-bottom:var(--wp--preset--spacing--10);padding-left:var(--wp--preset--spacing--50)\">\n<div class=\"wp-block-columns alignwide is-layout-flex wp-container-core-columns-is-layout-549b0c86 wp-block-columns-is-layout-flex\">\n<div class=\"wp-block-column has-global-padding is-content-justification-left is-layout-constrained wp-container-core-column-is-layout-fe358c2d wp-block-column-is-layout-constrained\" style=\"flex-basis:40%\">\n<figure class=\"wp-block-image size-full\" style=\"margin-top:var(--wp--preset--spacing--30);margin-right:0;margin-bottom:var(--wp--preset--spacing--30);margin-left:0\"><img loading=\"lazy\" decoding=\"async\" width=\"1870\" height=\"1246\" src=\"https:\/\/www.yourban-europe.eu\/wp-content\/uploads\/Replastic-Lamps.png\" alt=\"\" class=\"wp-image-1157\" srcset=\"https:\/\/www.yourban-europe.eu\/wp-content\/uploads\/Replastic-Lamps.png 1870w, https:\/\/www.yourban-europe.eu\/wp-content\/uploads\/Replastic-Lamps-768x512.png 768w, https:\/\/www.yourban-europe.eu\/wp-content\/uploads\/Replastic-Lamps-1536x1023.png 1536w, https:\/\/www.yourban-europe.eu\/wp-content\/uploads\/Replastic-Lamps-18x12.png 18w\" sizes=\"auto, (max-width: 1870px) 100vw, 1870px\" \/><\/figure>\n\n\n\n<figure class=\"wp-block-image size-full\"><img loading=\"lazy\" decoding=\"async\" width=\"1920\" height=\"2560\" src=\"https:\/\/www.yourban-europe.eu\/wp-content\/uploads\/PALA08-scaled.jpg\" alt=\"\" class=\"wp-image-1427\" srcset=\"https:\/\/www.yourban-europe.eu\/wp-content\/uploads\/PALA08-scaled.jpg 1920w, https:\/\/www.yourban-europe.eu\/wp-content\/uploads\/PALA08-768x1024.jpg 768w, https:\/\/www.yourban-europe.eu\/wp-content\/uploads\/PALA08-1152x1536.jpg 1152w, https:\/\/www.yourban-europe.eu\/wp-content\/uploads\/PALA08-1536x2048.jpg 1536w, https:\/\/www.yourban-europe.eu\/wp-content\/uploads\/PALA08-9x12.jpg 9w\" sizes=\"auto, (max-width: 1920px) 100vw, 1920px\" \/><\/figure>\n\n\n\n<figure class=\"wp-block-image size-full\"><img loading=\"lazy\" decoding=\"async\" width=\"1920\" height=\"2560\" src=\"https:\/\/www.yourban-europe.eu\/wp-content\/uploads\/b00-scaled.jpg\" alt=\"\" class=\"wp-image-1429\" srcset=\"https:\/\/www.yourban-europe.eu\/wp-content\/uploads\/b00-scaled.jpg 1920w, https:\/\/www.yourban-europe.eu\/wp-content\/uploads\/b00-768x1024.jpg 768w, https:\/\/www.yourban-europe.eu\/wp-content\/uploads\/b00-1152x1536.jpg 1152w, https:\/\/www.yourban-europe.eu\/wp-content\/uploads\/b00-1536x2048.jpg 1536w, https:\/\/www.yourban-europe.eu\/wp-content\/uploads\/b00-9x12.jpg 9w\" sizes=\"auto, (max-width: 1920px) 100vw, 1920px\" \/><\/figure>\n<\/div>\n\n\n\n<div class=\"wp-block-column is-layout-flow wp-container-core-column-is-layout-f5bb311e wp-block-column-is-layout-flow\" style=\"flex-basis:60%\">\n<p class=\"has-heading-font-family has-x-large-font-size\" style=\"margin-top:var(--wp--preset--spacing--30);margin-bottom:var(--wp--preset--spacing--30);line-height:1.2\">Replastic Lamps modular rFRP lamp collection explores translucency and warm ambient glow, now evolving toward recycled plastic production \u2014 giving plastic waste a second life while unifying the design&#8217;s material identity across urban and private contexts.<\/p>\n\n\n\n<div class=\"wp-block-columns is-layout-flex wp-container-core-columns-is-layout-87beb0d0 wp-block-columns-is-layout-flex\">\n<div class=\"wp-block-column is-layout-flow wp-block-column-is-layout-flow\">\n<p class=\"wp-container-content-9cfa9a5a\"><strong>ENG<\/strong><br>This is a lighting collection for interior and exterior spaces. The objects in this collection aim to generate comfort\u2014a condition as desired and sought after as it is mysterious and difficult to achieve. It arises from a set of qualities that we would like to consider objective and universal to define them, yet they are often shifting, personal, and cultural.<br><br>Through the investigation and research of this material, FRP, this series of wall, floor, and pendant lamps produces a soft, diffused light.<br><br>The pieces are entirely made of FRP, using a recipe that has been developed over the past months. The result is a transparent and colourful material, resembling a <em>Dalmatian-like<\/em> pattern, marked by the different recycled fibbers it contains.<br><br>It is a changing material, capable of adopting many forms. At times it may resemble stone, asphalt, glass, candy, or even <em>fuet.<\/em><br><br>The whole prototyping process has been one of constant surprise\u2014without precise prediction, adapting to the results that the material gradually revealed.<\/p>\n\n\n\n<hr class=\"wp-block-separator has-alpha-channel-opacity\"\/>\n\n\n\n<p><em><strong>CAT<\/strong><br>Aquesta \u00e9s una col\u00b7lecci\u00f3 d\u2019il\u00b7luminaci\u00f3 per a espais interiors i exteriors. Els objectes d\u2019aquesta col\u00b7lecci\u00f3 busquen generar confort \u2014una condici\u00f3 tan desitjada i buscada com misteriosa i dif\u00edcil d\u2019assolir. Sorgeix d\u2019un conjunt de qualitats que voldr\u00edem considerar objectives i universals per definir-la, per\u00f2 que sovint s\u00f3n canviants, personals i culturals.<\/em><\/p>\n\n\n\n<p><em>Mitjan\u00e7ant la investigaci\u00f3 d\u2019aquest material, el FRP, aquesta s\u00e8rie de l\u00e0mpades de paret, peu i suspensi\u00f3 produeix una llum suau i difusa.<\/em><\/p>\n\n\n\n<p><em>Les peces estan completament fetes de FRP, utilitzant una recepta desenvolupada durant els darrers mesos. El resultat \u00e9s un material transparent i acolorit, amb un patr\u00f3 similar al d\u2019un dalmata, marcat per les diferents fibres reciclades que cont\u00e9.<\/em><\/p>\n\n\n\n<p><em>\u00c9s un material canviant, capa\u00e7 d\u2019adoptar moltes formes. De vegades pot assemblar-se a la pedra, l\u2019asfalt, el vidre, el caramel o fins i tot el fuet.<\/em><\/p>\n\n\n\n<p><em>Tot el proc\u00e9s de prototipatge ha estat una experi\u00e8ncia de sorpresa constant \u2014sense predicci\u00f3 precisa, adaptant-se als resultats que el material ha anat revelant gradualment.<\/em><\/p>\n\n\n\n<hr class=\"wp-block-separator has-alpha-channel-opacity\"\/>\n\n\n\n<p><strong>ESP<\/strong><br>Esta es una colecci\u00f3n de iluminaci\u00f3n para espacios interiores y exteriores. Los objetos de esta colecci\u00f3n buscan generar confort \u2014una condici\u00f3n tan deseada y buscada como misteriosa y dif\u00edcil de alcanzar. Surge de un conjunto de cualidades que nos gustar\u00eda considerar objetivas y universales para definirla, pero que a menudo son cambiantes, personales y culturales.<\/p>\n\n\n\n<p>Mediante la investigaci\u00f3n de este material, el FRP, esta serie de l\u00e1mparas de pared, suelo y suspensi\u00f3n produce una luz suave y difusa.<\/p>\n\n\n\n<p>Las piezas est\u00e1n completamente hechas de FRP, utilizando una receta desarrollada durante los \u00faltimos meses. El resultado es un material transparente y colorido, con un patr\u00f3n similar al de un d\u00e1lmata, marcado por las diferentes fibras recicladas que contiene.<\/p>\n\n\n\n<p>Es un material cambiante, capaz de adoptar muchas formas. A veces puede parecerse a la piedra, el asfalto, el vidrio, el caramelo o incluso el fuet.<\/p>\n\n\n\n<p>Todo el proceso de prototipado ha sido una experiencia de sorpresa constante \u2014sin predicci\u00f3n precisa, adapt\u00e1ndose a los resultados que el material ha ido revelando gradualmente.<\/p>\n<\/div>\n<\/div>\n<\/div>\n<\/div>\n\n\n\n<figure class=\"wp-block-image aligncenter size-full\" style=\"margin-top:var(--wp--preset--spacing--30);margin-bottom:var(--wp--preset--spacing--30)\"><img loading=\"lazy\" decoding=\"async\" width=\"7859\" height=\"5517\" src=\"https:\/\/www.yourban-europe.eu\/wp-content\/uploads\/Lampara-libro.jpg\" alt=\"\" class=\"wp-image-1426\" srcset=\"https:\/\/www.yourban-europe.eu\/wp-content\/uploads\/Lampara-libro.jpg 7859w, https:\/\/www.yourban-europe.eu\/wp-content\/uploads\/Lampara-libro-768x539.jpg 768w, https:\/\/www.yourban-europe.eu\/wp-content\/uploads\/Lampara-libro-1536x1078.jpg 1536w, https:\/\/www.yourban-europe.eu\/wp-content\/uploads\/Lampara-libro-18x12.jpg 18w\" sizes=\"auto, (max-width: 7859px) 100vw, 7859px\" \/><\/figure>\n\n\n\n<div class=\"wp-block-buttons is-horizontal is-content-justification-center is-layout-flex wp-container-core-buttons-is-layout-24574a97 wp-block-buttons-is-layout-flex\" style=\"margin-top:0;margin-bottom:0;padding-top:var(--wp--preset--spacing--10);padding-right:0;padding-bottom:var(--wp--preset--spacing--10);padding-left:0\">\n<div class=\"wp-block-button is-style-outline is-style-outline--1\"><a class=\"wp-block-button__link wp-element-button\">Previous<\/a><\/div>\n\n\n\n<div class=\"wp-block-button\"><a class=\"wp-block-button__link wp-element-button\">   Next   <\/a><\/div>\n<\/div>\n<\/div>","protected":false},"excerpt":{"rendered":"<p>Project\/Projecte\/Proyecto: Replastic LampsAuthor\/Autor: Rosa Llinas Queralt Rosa Llinars&nbsp;is pushing the boundaries of rFRP translucency with her modular lamp designs. Rosa Llinars\u00a0est\u00e0 ampliant els l\u00edmits de la translucidesa del rFRP amb els seus dissenys de l\u00e0mpades modulars.Rosa Llinars\u00a0est\u00e1 ampliando los l\u00edmites de la translucidez del rFRP con sus dise\u00f1os de l\u00e1mparas modulares. Replastic Lamps modular rFRP [&hellip;]<\/p>\n","protected":false},"author":2,"featured_media":0,"parent":0,"menu_order":0,"comment_status":"closed","ping_status":"closed","template":"","meta":{"inline_featured_image":false,"footnotes":""},"class_list":["post-1222","page","type-page","status-publish","hentry"],"yoast_head":"<!-- This site is optimized with the Yoast SEO plugin v27.4 - https:\/\/yoast.com\/product\/yoast-seo-wordpress\/ -->\n<title>Replastic Lamps - YouRban<\/title>\n<meta name=\"robots\" content=\"index, follow, max-snippet:-1, max-image-preview:large, max-video-preview:-1\" \/>\n<link rel=\"canonical\" href=\"https:\/\/www.yourban-europe.eu\/it\/replastic-lamps\/\" \/>\n<meta property=\"og:locale\" content=\"it_IT\" \/>\n<meta property=\"og:type\" content=\"article\" \/>\n<meta property=\"og:title\" content=\"Replastic Lamps - YouRban\" \/>\n<meta property=\"og:description\" content=\"Project\/Projecte\/Proyecto: Replastic LampsAuthor\/Autor: Rosa Llinas Queralt Rosa Llinars&nbsp;is pushing the boundaries of rFRP translucency with her modular lamp designs. Rosa Llinars\u00a0est\u00e0 ampliant els l\u00edmits de la translucidesa del rFRP amb els seus dissenys de l\u00e0mpades modulars.Rosa Llinars\u00a0est\u00e1 ampliando los l\u00edmites de la translucidez del rFRP con sus dise\u00f1os de l\u00e1mparas modulares. Replastic Lamps modular rFRP [&hellip;]\" \/>\n<meta property=\"og:url\" content=\"https:\/\/www.yourban-europe.eu\/it\/replastic-lamps\/\" \/>\n<meta property=\"og:site_name\" content=\"YouRban\" \/>\n<meta property=\"article:modified_time\" content=\"2026-04-21T15:28:28+00:00\" \/>\n<meta property=\"og:image\" content=\"https:\/\/www.yourban-europe.eu\/wp-content\/uploads\/Replastic-Lamps.png\" \/>\n\t<meta property=\"og:image:width\" content=\"1870\" \/>\n\t<meta property=\"og:image:height\" content=\"1246\" \/>\n\t<meta property=\"og:image:type\" content=\"image\/png\" \/>\n<meta name=\"twitter:card\" content=\"summary_large_image\" \/>\n<meta name=\"twitter:label1\" content=\"Tempo di lettura stimato\" \/>\n\t<meta name=\"twitter:data1\" content=\"4 minuti\" \/>\n<script type=\"application\/ld+json\" class=\"yoast-schema-graph\">{\"@context\":\"https:\\\/\\\/schema.org\",\"@graph\":[{\"@type\":\"WebPage\",\"@id\":\"https:\\\/\\\/www.yourban-europe.eu\\\/replastic-lamps\\\/\",\"url\":\"https:\\\/\\\/www.yourban-europe.eu\\\/replastic-lamps\\\/\",\"name\":\"Replastic Lamps - YouRban\",\"isPartOf\":{\"@id\":\"https:\\\/\\\/www.yourban-europe.eu\\\/#website\"},\"primaryImageOfPage\":{\"@id\":\"https:\\\/\\\/www.yourban-europe.eu\\\/replastic-lamps\\\/#primaryimage\"},\"image\":{\"@id\":\"https:\\\/\\\/www.yourban-europe.eu\\\/replastic-lamps\\\/#primaryimage\"},\"thumbnailUrl\":\"https:\\\/\\\/www.yourban-europe.eu\\\/wp-content\\\/uploads\\\/Replastic-Lamps.png\",\"datePublished\":\"2026-04-13T19:35:53+00:00\",\"dateModified\":\"2026-04-21T15:28:28+00:00\",\"breadcrumb\":{\"@id\":\"https:\\\/\\\/www.yourban-europe.eu\\\/replastic-lamps\\\/#breadcrumb\"},\"inLanguage\":\"it-IT\",\"potentialAction\":[{\"@type\":\"ReadAction\",\"target\":[\"https:\\\/\\\/www.yourban-europe.eu\\\/replastic-lamps\\\/\"]}]},{\"@type\":\"ImageObject\",\"inLanguage\":\"it-IT\",\"@id\":\"https:\\\/\\\/www.yourban-europe.eu\\\/replastic-lamps\\\/#primaryimage\",\"url\":\"https:\\\/\\\/www.yourban-europe.eu\\\/wp-content\\\/uploads\\\/Replastic-Lamps.png\",\"contentUrl\":\"https:\\\/\\\/www.yourban-europe.eu\\\/wp-content\\\/uploads\\\/Replastic-Lamps.png\"},{\"@type\":\"BreadcrumbList\",\"@id\":\"https:\\\/\\\/www.yourban-europe.eu\\\/replastic-lamps\\\/#breadcrumb\",\"itemListElement\":[{\"@type\":\"ListItem\",\"position\":1,\"name\":\"Home\",\"item\":\"https:\\\/\\\/www.yourban-europe.eu\\\/project\\\/\"},{\"@type\":\"ListItem\",\"position\":2,\"name\":\"Replastic Lamps\"}]},{\"@type\":\"WebSite\",\"@id\":\"https:\\\/\\\/www.yourban-europe.eu\\\/#website\",\"url\":\"https:\\\/\\\/www.yourban-europe.eu\\\/\",\"name\":\"YouRban\",\"description\":\"\",\"publisher\":{\"@id\":\"https:\\\/\\\/www.yourban-europe.eu\\\/#organization\"},\"potentialAction\":[{\"@type\":\"SearchAction\",\"target\":{\"@type\":\"EntryPoint\",\"urlTemplate\":\"https:\\\/\\\/www.yourban-europe.eu\\\/?s={search_term_string}\"},\"query-input\":{\"@type\":\"PropertyValueSpecification\",\"valueRequired\":true,\"valueName\":\"search_term_string\"}}],\"inLanguage\":\"it-IT\"},{\"@type\":\"Organization\",\"@id\":\"https:\\\/\\\/www.yourban-europe.eu\\\/#organization\",\"name\":\"YouRban\",\"url\":\"https:\\\/\\\/www.yourban-europe.eu\\\/\",\"logo\":{\"@type\":\"ImageObject\",\"inLanguage\":\"it-IT\",\"@id\":\"https:\\\/\\\/www.yourban-europe.eu\\\/#\\\/schema\\\/logo\\\/image\\\/\",\"url\":\"https:\\\/\\\/www.yourban-europe.eu\\\/wp-content\\\/uploads\\\/240515_Yourban_LOGO_Black_DEL.png\",\"contentUrl\":\"https:\\\/\\\/www.yourban-europe.eu\\\/wp-content\\\/uploads\\\/240515_Yourban_LOGO_Black_DEL.png\",\"width\":2512,\"height\":418,\"caption\":\"YouRban\"},\"image\":{\"@id\":\"https:\\\/\\\/www.yourban-europe.eu\\\/#\\\/schema\\\/logo\\\/image\\\/\"},\"sameAs\":[\"https:\\\/\\\/www.linkedin.com\\\/company\\\/yourban.eu\"]}]}<\/script>\n<!-- \/ Yoast SEO plugin. -->","yoast_head_json":{"title":"Replastic Lamps - YouRban","robots":{"index":"index","follow":"follow","max-snippet":"max-snippet:-1","max-image-preview":"max-image-preview:large","max-video-preview":"max-video-preview:-1"},"canonical":"https:\/\/www.yourban-europe.eu\/it\/replastic-lamps\/","og_locale":"it_IT","og_type":"article","og_title":"Replastic Lamps - YouRban","og_description":"Project\/Projecte\/Proyecto: Replastic LampsAuthor\/Autor: Rosa Llinas Queralt Rosa Llinars&nbsp;is pushing the boundaries of rFRP translucency with her modular lamp designs. Rosa Llinars\u00a0est\u00e0 ampliant els l\u00edmits de la translucidesa del rFRP amb els seus dissenys de l\u00e0mpades modulars.Rosa Llinars\u00a0est\u00e1 ampliando los l\u00edmites de la translucidez del rFRP con sus dise\u00f1os de l\u00e1mparas modulares. Replastic Lamps modular rFRP [&hellip;]","og_url":"https:\/\/www.yourban-europe.eu\/it\/replastic-lamps\/","og_site_name":"YouRban","article_modified_time":"2026-04-21T15:28:28+00:00","og_image":[{"url":"https:\/\/www.yourban-europe.eu\/wp-content\/uploads\/Replastic-Lamps.png","width":1870,"height":1246,"type":"image\/png"}],"twitter_card":"summary_large_image","twitter_misc":{"Tempo di lettura stimato":"4 minuti"},"schema":{"@context":"https:\/\/schema.org","@graph":[{"@type":"WebPage","@id":"https:\/\/www.yourban-europe.eu\/replastic-lamps\/","url":"https:\/\/www.yourban-europe.eu\/replastic-lamps\/","name":"Replastic Lamps - YouRban","isPartOf":{"@id":"https:\/\/www.yourban-europe.eu\/#website"},"primaryImageOfPage":{"@id":"https:\/\/www.yourban-europe.eu\/replastic-lamps\/#primaryimage"},"image":{"@id":"https:\/\/www.yourban-europe.eu\/replastic-lamps\/#primaryimage"},"thumbnailUrl":"https:\/\/www.yourban-europe.eu\/wp-content\/uploads\/Replastic-Lamps.png","datePublished":"2026-04-13T19:35:53+00:00","dateModified":"2026-04-21T15:28:28+00:00","breadcrumb":{"@id":"https:\/\/www.yourban-europe.eu\/replastic-lamps\/#breadcrumb"},"inLanguage":"it-IT","potentialAction":[{"@type":"ReadAction","target":["https:\/\/www.yourban-europe.eu\/replastic-lamps\/"]}]},{"@type":"ImageObject","inLanguage":"it-IT","@id":"https:\/\/www.yourban-europe.eu\/replastic-lamps\/#primaryimage","url":"https:\/\/www.yourban-europe.eu\/wp-content\/uploads\/Replastic-Lamps.png","contentUrl":"https:\/\/www.yourban-europe.eu\/wp-content\/uploads\/Replastic-Lamps.png"},{"@type":"BreadcrumbList","@id":"https:\/\/www.yourban-europe.eu\/replastic-lamps\/#breadcrumb","itemListElement":[{"@type":"ListItem","position":1,"name":"Home","item":"https:\/\/www.yourban-europe.eu\/project\/"},{"@type":"ListItem","position":2,"name":"Replastic Lamps"}]},{"@type":"WebSite","@id":"https:\/\/www.yourban-europe.eu\/#website","url":"https:\/\/www.yourban-europe.eu\/","name":"YouRban","description":"","publisher":{"@id":"https:\/\/www.yourban-europe.eu\/#organization"},"potentialAction":[{"@type":"SearchAction","target":{"@type":"EntryPoint","urlTemplate":"https:\/\/www.yourban-europe.eu\/?s={search_term_string}"},"query-input":{"@type":"PropertyValueSpecification","valueRequired":true,"valueName":"search_term_string"}}],"inLanguage":"it-IT"},{"@type":"Organization","@id":"https:\/\/www.yourban-europe.eu\/#organization","name":"YouRban","url":"https:\/\/www.yourban-europe.eu\/","logo":{"@type":"ImageObject","inLanguage":"it-IT","@id":"https:\/\/www.yourban-europe.eu\/#\/schema\/logo\/image\/","url":"https:\/\/www.yourban-europe.eu\/wp-content\/uploads\/240515_Yourban_LOGO_Black_DEL.png","contentUrl":"https:\/\/www.yourban-europe.eu\/wp-content\/uploads\/240515_Yourban_LOGO_Black_DEL.png","width":2512,"height":418,"caption":"YouRban"},"image":{"@id":"https:\/\/www.yourban-europe.eu\/#\/schema\/logo\/image\/"},"sameAs":["https:\/\/www.linkedin.com\/company\/yourban.eu"]}]}},"_links":{"self":[{"href":"https:\/\/www.yourban-europe.eu\/it\/wp-json\/wp\/v2\/pages\/1222","targetHints":{"allow":["GET"]}}],"collection":[{"href":"https:\/\/www.yourban-europe.eu\/it\/wp-json\/wp\/v2\/pages"}],"about":[{"href":"https:\/\/www.yourban-europe.eu\/it\/wp-json\/wp\/v2\/types\/page"}],"author":[{"embeddable":true,"href":"https:\/\/www.yourban-europe.eu\/it\/wp-json\/wp\/v2\/users\/2"}],"replies":[{"embeddable":true,"href":"https:\/\/www.yourban-europe.eu\/it\/wp-json\/wp\/v2\/comments?post=1222"}],"version-history":[{"count":13,"href":"https:\/\/www.yourban-europe.eu\/it\/wp-json\/wp\/v2\/pages\/1222\/revisions"}],"predecessor-version":[{"id":1431,"href":"https:\/\/www.yourban-europe.eu\/it\/wp-json\/wp\/v2\/pages\/1222\/revisions\/1431"}],"wp:attachment":[{"href":"https:\/\/www.yourban-europe.eu\/it\/wp-json\/wp\/v2\/media?parent=1222"}],"curies":[{"name":"wp","href":"https:\/\/api.w.org\/{rel}","templated":true}]}}