{"id":1230,"date":"2026-04-13T21:09:35","date_gmt":"2026-04-13T19:09:35","guid":{"rendered":"https:\/\/www.yourban-europe.eu\/?page_id=1230"},"modified":"2026-04-21T15:14:07","modified_gmt":"2026-04-21T13:14:07","slug":"a-letter-for-the-city-reclaiming-urban-spaces-through-rfiber-signage","status":"publish","type":"page","link":"https:\/\/www.yourban-europe.eu\/it\/a-letter-for-the-city-reclaiming-urban-spaces-through-rfiber-signage\/","title":{"rendered":"A Letter for the city. Reclaiming urban spaces through rFiber signage"},"content":{"rendered":"<div class=\"wp-block-group alignfull has-base-2-color has-custom-eu-background-color has-text-color has-background has-link-color wp-elements-752ad6cac72ddeaccb35581873c5c5c2 has-global-padding is-content-justification-center is-layout-constrained wp-container-core-group-is-layout-4137631a wp-block-group-is-layout-constrained\" style=\"margin-top:0;margin-bottom:0;padding-top:var(--wp--preset--spacing--50);padding-right:var(--wp--preset--spacing--50);padding-bottom:var(--wp--preset--spacing--50);padding-left:var(--wp--preset--spacing--50)\">\n<div class=\"wp-block-columns alignwide is-layout-flex wp-container-core-columns-is-layout-28f84493 wp-block-columns-is-layout-flex\">\n<div class=\"wp-block-column is-layout-flow wp-block-column-is-layout-flow\" style=\"flex-basis:40%\">\n<p class=\"has-base-2-color has-text-color has-link-color wp-elements-32275b7736f9874f2748eb1d63078356 wp-container-content-0733e5d0\">Project\/<em>Projecte<\/em>\/Proyecto: A Letter for the city<br>Author\/<em>Autor<\/em>: Vicente Varella Forcada<\/p>\n<\/div>\n\n\n\n<div class=\"wp-block-column is-layout-flow wp-block-column-is-layout-flow\" style=\"flex-basis:60%\">\n<p class=\"has-base-2-color has-text-color has-link-color has-x-large-font-size wp-elements-c0c59bac2be160487ac46c888394a243\" style=\"line-height:1.2\"><strong>Vicente Varella<\/strong>&nbsp;is reclaiming urban narratives through playful signage.<\/p>\n\n\n\n<p><em>Vicente Varella\u00a0est\u00e0 recuperant narratives urbanes a trav\u00e9s de senyal\u00e8tica l\u00fadica.<\/em><br>Vicente Varella\u00a0est\u00e1 recuperando narrativas urbanas a trav\u00e9s de se\u00f1al\u00e9tica l\u00fadica.<\/p>\n<\/div>\n<\/div>\n<\/div>\n\n\n\n<div class=\"wp-block-group alignfull has-base-background-color has-background has-global-padding is-layout-constrained wp-container-core-group-is-layout-c146a9a4 wp-block-group-is-layout-constrained\" style=\"margin-top:0;margin-bottom:0;padding-top:var(--wp--preset--spacing--10);padding-right:var(--wp--preset--spacing--50);padding-bottom:var(--wp--preset--spacing--10);padding-left:var(--wp--preset--spacing--50)\">\n<div class=\"wp-block-columns alignwide is-layout-flex wp-container-core-columns-is-layout-549b0c86 wp-block-columns-is-layout-flex\">\n<div class=\"wp-block-column has-global-padding is-content-justification-left is-layout-constrained wp-container-core-column-is-layout-fe358c2d wp-block-column-is-layout-constrained\" style=\"flex-basis:40%\">\n<figure class=\"wp-block-image size-full\" style=\"margin-top:var(--wp--preset--spacing--30);margin-right:0;margin-bottom:var(--wp--preset--spacing--30);margin-left:0\"><img loading=\"lazy\" decoding=\"async\" width=\"1193\" height=\"593\" src=\"https:\/\/www.yourban-europe.eu\/wp-content\/uploads\/Letter-to-a-city_small.png\" alt=\"\" class=\"wp-image-1313\" srcset=\"https:\/\/www.yourban-europe.eu\/wp-content\/uploads\/Letter-to-a-city_small.png 1193w, https:\/\/www.yourban-europe.eu\/wp-content\/uploads\/Letter-to-a-city_small-768x382.png 768w, https:\/\/www.yourban-europe.eu\/wp-content\/uploads\/Letter-to-a-city_small-18x9.png 18w\" sizes=\"auto, (max-width: 1193px) 100vw, 1193px\" \/><\/figure>\n\n\n\n<figure class=\"wp-block-image size-full\"><img loading=\"lazy\" decoding=\"async\" width=\"2560\" height=\"1920\" src=\"https:\/\/www.yourban-europe.eu\/wp-content\/uploads\/DSC2627-scaled.jpg\" alt=\"\" class=\"wp-image-1385\" srcset=\"https:\/\/www.yourban-europe.eu\/wp-content\/uploads\/DSC2627-scaled.jpg 2560w, https:\/\/www.yourban-europe.eu\/wp-content\/uploads\/DSC2627-768x576.jpg 768w, https:\/\/www.yourban-europe.eu\/wp-content\/uploads\/DSC2627-1536x1152.jpg 1536w, https:\/\/www.yourban-europe.eu\/wp-content\/uploads\/DSC2627-2048x1536.jpg 2048w, https:\/\/www.yourban-europe.eu\/wp-content\/uploads\/DSC2627-16x12.jpg 16w\" sizes=\"auto, (max-width: 2560px) 100vw, 2560px\" \/><\/figure>\n\n\n\n<figure class=\"wp-block-image size-full\"><img loading=\"lazy\" decoding=\"async\" width=\"1536\" height=\"2048\" src=\"https:\/\/www.yourban-europe.eu\/wp-content\/uploads\/WhatsApp-Image-2025-11-13-at-12.13.16-3.png\" alt=\"\" class=\"wp-image-1387\" srcset=\"https:\/\/www.yourban-europe.eu\/wp-content\/uploads\/WhatsApp-Image-2025-11-13-at-12.13.16-3.png 1536w, https:\/\/www.yourban-europe.eu\/wp-content\/uploads\/WhatsApp-Image-2025-11-13-at-12.13.16-3-768x1024.png 768w, https:\/\/www.yourban-europe.eu\/wp-content\/uploads\/WhatsApp-Image-2025-11-13-at-12.13.16-3-1152x1536.png 1152w, https:\/\/www.yourban-europe.eu\/wp-content\/uploads\/WhatsApp-Image-2025-11-13-at-12.13.16-3-9x12.png 9w\" sizes=\"auto, (max-width: 1536px) 100vw, 1536px\" \/><\/figure>\n\n\n\n<figure class=\"wp-block-image size-full\"><img loading=\"lazy\" decoding=\"async\" width=\"2560\" height=\"1707\" src=\"https:\/\/www.yourban-europe.eu\/wp-content\/uploads\/KC5DXK-scaled.jpg\" alt=\"\" class=\"wp-image-1389\" srcset=\"https:\/\/www.yourban-europe.eu\/wp-content\/uploads\/KC5DXK-scaled.jpg 2560w, https:\/\/www.yourban-europe.eu\/wp-content\/uploads\/KC5DXK-768x512.jpg 768w, https:\/\/www.yourban-europe.eu\/wp-content\/uploads\/KC5DXK-1536x1024.jpg 1536w, https:\/\/www.yourban-europe.eu\/wp-content\/uploads\/KC5DXK-2048x1365.jpg 2048w, https:\/\/www.yourban-europe.eu\/wp-content\/uploads\/KC5DXK-18x12.jpg 18w\" sizes=\"auto, (max-width: 2560px) 100vw, 2560px\" \/><figcaption class=\"wp-element-caption\">KC5DXK A man pushing a trolley of scrap metal walks past a Catalan propaganda poster offering a &#8216; future full of opportunities &#8216;, Barcelona, Spain.<\/figcaption><\/figure>\n<\/div>\n\n\n\n<div class=\"wp-block-column is-layout-flow wp-container-core-column-is-layout-f5bb311e wp-block-column-is-layout-flow\" style=\"flex-basis:60%\">\n<p class=\"has-heading-font-family has-x-large-font-size\" style=\"margin-top:var(--wp--preset--spacing--30);margin-bottom:var(--wp--preset--spacing--30);line-height:1.2\">Oversized shopping cart signs reclaim Barcelona\u2019s empty spaces, turning them into playful sites for public dialogue on waste.<\/p>\n\n\n\n<div class=\"wp-block-columns is-layout-flex wp-container-core-columns-is-layout-87beb0d0 wp-block-columns-is-layout-flex\">\n<div class=\"wp-block-column is-layout-flow wp-block-column-is-layout-flow\">\n<p class=\"wp-container-content-9cfa9a5a\"><strong>ENG<\/strong><br>According to research by the Barcelona Research Group on Informal Waste Picking from the Universitat de Barcelona, up to 40% of total metal scrap flows into the recycling system via individuals who, as a means of living, collect, sort and deliver all sorts of metals to recycling facilities.<br><br>The study suggests that, collectively, this workforce of ~2,000 people contributes up to 160 tonnes daily, adding up to a total of 44,500 tonnes per year.<br><br>A letter for the city reclaims underused public spaces to draw attention to contexts that often go unnoticed. Placed in unassuming locations, it brings forward realities that might otherwise remain overlooked.<br><br>Fences, construction sites and abandoned lots become an unexpected canvas for passersby to reflect on the topic.<br><br>By translating data into physical, visually engaging interventions, the project turns abstract figures into something tangible, reconnecting the information with the urban context it originates from and making it accessible to those who inhabit it.<br><br>To support this translation, a strong visual language was developed, where clarity and contrast play a central role. A combination of freehand drawing and CNC carving allows the message to emerge directly from the material, reinforcing its presence in the public space<br><br>The outcome presents a dynamic surface that reveals rich stone-like textures alongside the recycled materiality of glass fiber embedded in resin, visually linking the message to the very matter it speaks about.<br><br>Ultimately, the project invites a reconsideration of what remains hidden in plain sight, foregrounding the often unrecognized systems and people that quietly sustain the city\u2019s material cycles.<br><br>*Original study: WasteCare, Universitat de Barcelona<br>**Final data sourced by the Barcelona Research Group on Informal Waste Picking<br>***Researchers: Daniele Vico, Federico Demaria, Juli\u00e1n Porras Bulla, Claudio Cattaneo<\/p>\n\n\n\n<hr class=\"wp-block-separator has-alpha-channel-opacity\"\/>\n\n\n\n<p><em><strong>CAT<\/strong><br>Segons la recerca del Grup de Recerca sobre Recollida Informal de Residus de la\u00a0Universitat de Barcelona, fins al 40% del flux total de ferralla met\u00e0l\u00b7lica entra al sistema de reciclatge a trav\u00e9s de persones que, com a mitj\u00e0 de vida, recullen, classifiquen i lliuren tot tipus de metalls a instal\u00b7lacions de reciclatge.<br><br>L\u2019estudi suggereix que, col\u00b7lectivament, aquesta for\u00e7a de treball d\u2019unes ~2.000 persones contribueix amb fins a 160 tones di\u00e0ries, sumant un total de 44.500 tones anuals.<br><br>Una lletra per a la ciutat recupera espais p\u00fablics infrautilitzats per cridar l\u2019atenci\u00f3 sobre contextos que sovint passen desapercebuts. Situada en llocs discrets, fa visibles realitats que, d\u2019altra manera, podrien quedar ocultes.<br><br>Tanques, obres i solars abandonats esdevenen un llen\u00e7 inesperat perqu\u00e8 els vianants reflexionin sobre la tem\u00e0tica.<br><br>Mitjan\u00e7ant la traducci\u00f3 de dades en intervencions f\u00edsiques i visualment atractives, el projecte transforma xifres abstractes en quelcom tangible, reconnectant la informaci\u00f3 amb el context urb\u00e0 d\u2019on prov\u00e9 i fent-la accessible a qui l\u2019habita.<br><br>Per donar suport a aquesta traducci\u00f3, es va desenvolupar un llenguatge visual potent, on la claredat i el contrast tenen un paper central. La combinaci\u00f3 de dibuix a m\u00e0 al\u00e7ada i fresat CNC permet que el missatge emergeixi directament del material, refor\u00e7ant la seva pres\u00e8ncia a l\u2019espai p\u00fablic.<br><br>El resultat presenta una superf\u00edcie din\u00e0mica que revela textures riques, semblants a la pedra, juntament amb la materialitat reciclada de fibra de vidre incrustada en resina, vinculant visualment el missatge amb la mateixa mat\u00e8ria de qu\u00e8 parla.<br><br>En \u00faltima inst\u00e0ncia, el projecte convida a reconsiderar all\u00f2 que roman ocult a simple vista, posant en primer pla els sistemes i les persones sovint no reconegudes que sostenen, silenciosament, els cicles materials de la ciutat.<br><br>*Estudi original: WasteCare, Universitat de Barcelona<br>**Dades finals facilitades pel Grup de Recerca sobre Recollida Informal de Residus de Barcelona<br>***Investigadors:\u00a0Daniele Vico,\u00a0Federico Demaria,\u00a0Juli\u00e1n Porras Bulla,\u00a0Claudio Cattaneo<\/em><\/p>\n\n\n\n<hr class=\"wp-block-separator has-alpha-channel-opacity\"\/>\n\n\n\n<p><strong>ESP<\/strong><br>Seg\u00fan la investigaci\u00f3n del Grupo de Investigaci\u00f3n sobre Recogida Informal de Residuos de la\u00a0Universitat de Barcelona, hasta el 40% del flujo total de chatarra met\u00e1lica entra en el sistema de reciclaje a trav\u00e9s de personas que, como medio de vida, recogen, clasifican y entregan todo tipo de metales a instalaciones de reciclaje.<\/p>\n\n\n\n<p>El estudio sugiere que, en conjunto, esta fuerza laboral de unas ~2.000 personas contribuye con hasta 160 toneladas diarias, sumando un total de 44.500 toneladas al a\u00f1o.<\/p>\n\n\n\n<p>Una letra para la ciudad recupera espacios p\u00fablicos infrautilizados para llamar la atenci\u00f3n sobre contextos que a menudo pasan desapercibidos. Situada en lugares discretos, pone en primer plano realidades que de otro modo podr\u00edan permanecer ocultas.<\/p>\n\n\n\n<p>Vallas, obras y solares abandonados se convierten en un lienzo inesperado para que los transe\u00fantes reflexionen sobre el tema.<\/p>\n\n\n\n<p>Al traducir datos en intervenciones f\u00edsicas y visualmente atractivas, el proyecto transforma cifras abstractas en algo tangible, reconectando la informaci\u00f3n con el contexto urbano del que proviene y haci\u00e9ndola accesible para quienes lo habitan.<\/p>\n\n\n\n<p>Para apoyar esta traducci\u00f3n, se desarroll\u00f3 un lenguaje visual s\u00f3lido, donde la claridad y el contraste desempe\u00f1an un papel central. La combinaci\u00f3n de dibujo a mano alzada y fresado CNC permite que el mensaje emerja directamente del material, reforzando su presencia en el espacio p\u00fablico.<\/p>\n\n\n\n<p>El resultado presenta una superficie din\u00e1mica que revela ricas texturas similares a la piedra junto con la materialidad reciclada de fibra de vidrio incrustada en resina, vinculando visualmente el mensaje con la propia materia de la que habla.<\/p>\n\n\n\n<p>En \u00faltima instancia, el proyecto invita a reconsiderar lo que permanece oculto a simple vista, poniendo en primer plano los sistemas y las personas, a menudo no reconocidos, que sostienen silenciosamente los ciclos materiales de la ciudad.<\/p>\n\n\n\n<p>*Estudio original: WasteCare, Universitat de Barcelona<br>**Datos finales proporcionados por el Grupo de Investigaci\u00f3n sobre Recogida Informal de Residuos de Barcelona<br>***Investigadores:&nbsp;Daniele Vico,&nbsp;Federico Demaria,&nbsp;Juli\u00e1n Porras Bulla,&nbsp;Claudio Cattaneo<\/p>\n<\/div>\n<\/div>\n<\/div>\n<\/div>\n\n\n\n<figure class=\"wp-block-image size-full\" style=\"margin-top:var(--wp--preset--spacing--30);margin-bottom:var(--wp--preset--spacing--30)\"><img loading=\"lazy\" decoding=\"async\" width=\"1878\" height=\"1250\" src=\"https:\/\/www.yourban-europe.eu\/wp-content\/uploads\/A-Letter-for-the-City.png\" alt=\"\" class=\"wp-image-1152\" srcset=\"https:\/\/www.yourban-europe.eu\/wp-content\/uploads\/A-Letter-for-the-City.png 1878w, https:\/\/www.yourban-europe.eu\/wp-content\/uploads\/A-Letter-for-the-City-768x511.png 768w, https:\/\/www.yourban-europe.eu\/wp-content\/uploads\/A-Letter-for-the-City-1536x1022.png 1536w, https:\/\/www.yourban-europe.eu\/wp-content\/uploads\/A-Letter-for-the-City-18x12.png 18w\" sizes=\"auto, (max-width: 1878px) 100vw, 1878px\" \/><\/figure>\n\n\n\n<div class=\"wp-block-buttons is-horizontal is-content-justification-center is-layout-flex wp-container-core-buttons-is-layout-24574a97 wp-block-buttons-is-layout-flex\" style=\"margin-top:0;margin-bottom:0;padding-top:var(--wp--preset--spacing--10);padding-right:0;padding-bottom:var(--wp--preset--spacing--10);padding-left:0\">\n<div class=\"wp-block-button is-style-outline is-style-outline--1\"><a class=\"wp-block-button__link wp-element-button\">Previous<\/a><\/div>\n\n\n\n<div class=\"wp-block-button\"><a class=\"wp-block-button__link wp-element-button\">   Next   <\/a><\/div>\n<\/div>\n<\/div>","protected":false},"excerpt":{"rendered":"<p>Project\/Projecte\/Proyecto: A Letter for the cityAuthor\/Autor: Vicente Varella Forcada Vicente Varella&nbsp;is reclaiming urban narratives through playful signage. Vicente Varella\u00a0est\u00e0 recuperant narratives urbanes a trav\u00e9s de senyal\u00e8tica l\u00fadica.Vicente Varella\u00a0est\u00e1 recuperando narrativas urbanas a trav\u00e9s de se\u00f1al\u00e9tica l\u00fadica. Oversized shopping cart signs reclaim Barcelona\u2019s empty spaces, turning them into playful sites for public dialogue on waste. ENGAccording [&hellip;]<\/p>\n","protected":false},"author":2,"featured_media":0,"parent":0,"menu_order":0,"comment_status":"closed","ping_status":"closed","template":"","meta":{"inline_featured_image":false,"footnotes":""},"class_list":["post-1230","page","type-page","status-publish","hentry"],"yoast_head":"<!-- This site is optimized with the Yoast SEO plugin v27.4 - https:\/\/yoast.com\/product\/yoast-seo-wordpress\/ -->\n<title>A Letter for the city. Reclaiming urban spaces through rFiber signage - YouRban<\/title>\n<meta name=\"robots\" content=\"index, follow, max-snippet:-1, max-image-preview:large, max-video-preview:-1\" \/>\n<link rel=\"canonical\" href=\"https:\/\/www.yourban-europe.eu\/it\/a-letter-for-the-city-reclaiming-urban-spaces-through-rfiber-signage\/\" \/>\n<meta property=\"og:locale\" content=\"it_IT\" \/>\n<meta property=\"og:type\" content=\"article\" \/>\n<meta property=\"og:title\" content=\"A Letter for the city. Reclaiming urban spaces through rFiber signage - YouRban\" \/>\n<meta property=\"og:description\" content=\"Project\/Projecte\/Proyecto: A Letter for the cityAuthor\/Autor: Vicente Varella Forcada Vicente Varella&nbsp;is reclaiming urban narratives through playful signage. Vicente Varella\u00a0est\u00e0 recuperant narratives urbanes a trav\u00e9s de senyal\u00e8tica l\u00fadica.Vicente Varella\u00a0est\u00e1 recuperando narrativas urbanas a trav\u00e9s de se\u00f1al\u00e9tica l\u00fadica. Oversized shopping cart signs reclaim Barcelona\u2019s empty spaces, turning them into playful sites for public dialogue on waste. ENGAccording [&hellip;]\" \/>\n<meta property=\"og:url\" content=\"https:\/\/www.yourban-europe.eu\/it\/a-letter-for-the-city-reclaiming-urban-spaces-through-rfiber-signage\/\" \/>\n<meta property=\"og:site_name\" content=\"YouRban\" \/>\n<meta property=\"article:modified_time\" content=\"2026-04-21T13:14:07+00:00\" \/>\n<meta property=\"og:image\" content=\"https:\/\/www.yourban-europe.eu\/wp-content\/uploads\/Letter-to-a-city_small.png\" \/>\n\t<meta property=\"og:image:width\" content=\"1193\" \/>\n\t<meta property=\"og:image:height\" content=\"593\" \/>\n\t<meta property=\"og:image:type\" content=\"image\/png\" \/>\n<meta name=\"twitter:card\" content=\"summary_large_image\" \/>\n<meta name=\"twitter:label1\" content=\"Tempo di lettura stimato\" \/>\n\t<meta name=\"twitter:data1\" content=\"6 minuti\" \/>\n<script type=\"application\/ld+json\" class=\"yoast-schema-graph\">{\"@context\":\"https:\\\/\\\/schema.org\",\"@graph\":[{\"@type\":\"WebPage\",\"@id\":\"https:\\\/\\\/www.yourban-europe.eu\\\/a-letter-for-the-city-reclaiming-urban-spaces-through-rfiber-signage\\\/\",\"url\":\"https:\\\/\\\/www.yourban-europe.eu\\\/a-letter-for-the-city-reclaiming-urban-spaces-through-rfiber-signage\\\/\",\"name\":\"A Letter for the city. Reclaiming urban spaces through rFiber signage - YouRban\",\"isPartOf\":{\"@id\":\"https:\\\/\\\/www.yourban-europe.eu\\\/#website\"},\"primaryImageOfPage\":{\"@id\":\"https:\\\/\\\/www.yourban-europe.eu\\\/a-letter-for-the-city-reclaiming-urban-spaces-through-rfiber-signage\\\/#primaryimage\"},\"image\":{\"@id\":\"https:\\\/\\\/www.yourban-europe.eu\\\/a-letter-for-the-city-reclaiming-urban-spaces-through-rfiber-signage\\\/#primaryimage\"},\"thumbnailUrl\":\"https:\\\/\\\/www.yourban-europe.eu\\\/wp-content\\\/uploads\\\/Letter-to-a-city_small.png\",\"datePublished\":\"2026-04-13T19:09:35+00:00\",\"dateModified\":\"2026-04-21T13:14:07+00:00\",\"breadcrumb\":{\"@id\":\"https:\\\/\\\/www.yourban-europe.eu\\\/a-letter-for-the-city-reclaiming-urban-spaces-through-rfiber-signage\\\/#breadcrumb\"},\"inLanguage\":\"it-IT\",\"potentialAction\":[{\"@type\":\"ReadAction\",\"target\":[\"https:\\\/\\\/www.yourban-europe.eu\\\/a-letter-for-the-city-reclaiming-urban-spaces-through-rfiber-signage\\\/\"]}]},{\"@type\":\"ImageObject\",\"inLanguage\":\"it-IT\",\"@id\":\"https:\\\/\\\/www.yourban-europe.eu\\\/a-letter-for-the-city-reclaiming-urban-spaces-through-rfiber-signage\\\/#primaryimage\",\"url\":\"https:\\\/\\\/www.yourban-europe.eu\\\/wp-content\\\/uploads\\\/Letter-to-a-city_small.png\",\"contentUrl\":\"https:\\\/\\\/www.yourban-europe.eu\\\/wp-content\\\/uploads\\\/Letter-to-a-city_small.png\"},{\"@type\":\"BreadcrumbList\",\"@id\":\"https:\\\/\\\/www.yourban-europe.eu\\\/a-letter-for-the-city-reclaiming-urban-spaces-through-rfiber-signage\\\/#breadcrumb\",\"itemListElement\":[{\"@type\":\"ListItem\",\"position\":1,\"name\":\"Home\",\"item\":\"https:\\\/\\\/www.yourban-europe.eu\\\/project\\\/\"},{\"@type\":\"ListItem\",\"position\":2,\"name\":\"A Letter for the city. Reclaiming urban spaces through rFiber signage\"}]},{\"@type\":\"WebSite\",\"@id\":\"https:\\\/\\\/www.yourban-europe.eu\\\/#website\",\"url\":\"https:\\\/\\\/www.yourban-europe.eu\\\/\",\"name\":\"YouRban\",\"description\":\"\",\"publisher\":{\"@id\":\"https:\\\/\\\/www.yourban-europe.eu\\\/#organization\"},\"potentialAction\":[{\"@type\":\"SearchAction\",\"target\":{\"@type\":\"EntryPoint\",\"urlTemplate\":\"https:\\\/\\\/www.yourban-europe.eu\\\/?s={search_term_string}\"},\"query-input\":{\"@type\":\"PropertyValueSpecification\",\"valueRequired\":true,\"valueName\":\"search_term_string\"}}],\"inLanguage\":\"it-IT\"},{\"@type\":\"Organization\",\"@id\":\"https:\\\/\\\/www.yourban-europe.eu\\\/#organization\",\"name\":\"YouRban\",\"url\":\"https:\\\/\\\/www.yourban-europe.eu\\\/\",\"logo\":{\"@type\":\"ImageObject\",\"inLanguage\":\"it-IT\",\"@id\":\"https:\\\/\\\/www.yourban-europe.eu\\\/#\\\/schema\\\/logo\\\/image\\\/\",\"url\":\"https:\\\/\\\/www.yourban-europe.eu\\\/wp-content\\\/uploads\\\/240515_Yourban_LOGO_Black_DEL.png\",\"contentUrl\":\"https:\\\/\\\/www.yourban-europe.eu\\\/wp-content\\\/uploads\\\/240515_Yourban_LOGO_Black_DEL.png\",\"width\":2512,\"height\":418,\"caption\":\"YouRban\"},\"image\":{\"@id\":\"https:\\\/\\\/www.yourban-europe.eu\\\/#\\\/schema\\\/logo\\\/image\\\/\"},\"sameAs\":[\"https:\\\/\\\/www.linkedin.com\\\/company\\\/yourban.eu\"]}]}<\/script>\n<!-- \/ Yoast SEO plugin. -->","yoast_head_json":{"title":"A Letter for the city. Reclaiming urban spaces through rFiber signage - YouRban","robots":{"index":"index","follow":"follow","max-snippet":"max-snippet:-1","max-image-preview":"max-image-preview:large","max-video-preview":"max-video-preview:-1"},"canonical":"https:\/\/www.yourban-europe.eu\/it\/a-letter-for-the-city-reclaiming-urban-spaces-through-rfiber-signage\/","og_locale":"it_IT","og_type":"article","og_title":"A Letter for the city. Reclaiming urban spaces through rFiber signage - YouRban","og_description":"Project\/Projecte\/Proyecto: A Letter for the cityAuthor\/Autor: Vicente Varella Forcada Vicente Varella&nbsp;is reclaiming urban narratives through playful signage. Vicente Varella\u00a0est\u00e0 recuperant narratives urbanes a trav\u00e9s de senyal\u00e8tica l\u00fadica.Vicente Varella\u00a0est\u00e1 recuperando narrativas urbanas a trav\u00e9s de se\u00f1al\u00e9tica l\u00fadica. Oversized shopping cart signs reclaim Barcelona\u2019s empty spaces, turning them into playful sites for public dialogue on waste. ENGAccording [&hellip;]","og_url":"https:\/\/www.yourban-europe.eu\/it\/a-letter-for-the-city-reclaiming-urban-spaces-through-rfiber-signage\/","og_site_name":"YouRban","article_modified_time":"2026-04-21T13:14:07+00:00","og_image":[{"width":1193,"height":593,"url":"https:\/\/www.yourban-europe.eu\/wp-content\/uploads\/Letter-to-a-city_small.png","type":"image\/png"}],"twitter_card":"summary_large_image","twitter_misc":{"Tempo di lettura stimato":"6 minuti"},"schema":{"@context":"https:\/\/schema.org","@graph":[{"@type":"WebPage","@id":"https:\/\/www.yourban-europe.eu\/a-letter-for-the-city-reclaiming-urban-spaces-through-rfiber-signage\/","url":"https:\/\/www.yourban-europe.eu\/a-letter-for-the-city-reclaiming-urban-spaces-through-rfiber-signage\/","name":"A Letter for the city. Reclaiming urban spaces through rFiber signage - YouRban","isPartOf":{"@id":"https:\/\/www.yourban-europe.eu\/#website"},"primaryImageOfPage":{"@id":"https:\/\/www.yourban-europe.eu\/a-letter-for-the-city-reclaiming-urban-spaces-through-rfiber-signage\/#primaryimage"},"image":{"@id":"https:\/\/www.yourban-europe.eu\/a-letter-for-the-city-reclaiming-urban-spaces-through-rfiber-signage\/#primaryimage"},"thumbnailUrl":"https:\/\/www.yourban-europe.eu\/wp-content\/uploads\/Letter-to-a-city_small.png","datePublished":"2026-04-13T19:09:35+00:00","dateModified":"2026-04-21T13:14:07+00:00","breadcrumb":{"@id":"https:\/\/www.yourban-europe.eu\/a-letter-for-the-city-reclaiming-urban-spaces-through-rfiber-signage\/#breadcrumb"},"inLanguage":"it-IT","potentialAction":[{"@type":"ReadAction","target":["https:\/\/www.yourban-europe.eu\/a-letter-for-the-city-reclaiming-urban-spaces-through-rfiber-signage\/"]}]},{"@type":"ImageObject","inLanguage":"it-IT","@id":"https:\/\/www.yourban-europe.eu\/a-letter-for-the-city-reclaiming-urban-spaces-through-rfiber-signage\/#primaryimage","url":"https:\/\/www.yourban-europe.eu\/wp-content\/uploads\/Letter-to-a-city_small.png","contentUrl":"https:\/\/www.yourban-europe.eu\/wp-content\/uploads\/Letter-to-a-city_small.png"},{"@type":"BreadcrumbList","@id":"https:\/\/www.yourban-europe.eu\/a-letter-for-the-city-reclaiming-urban-spaces-through-rfiber-signage\/#breadcrumb","itemListElement":[{"@type":"ListItem","position":1,"name":"Home","item":"https:\/\/www.yourban-europe.eu\/project\/"},{"@type":"ListItem","position":2,"name":"A Letter for the city. Reclaiming urban spaces through rFiber signage"}]},{"@type":"WebSite","@id":"https:\/\/www.yourban-europe.eu\/#website","url":"https:\/\/www.yourban-europe.eu\/","name":"YouRban","description":"","publisher":{"@id":"https:\/\/www.yourban-europe.eu\/#organization"},"potentialAction":[{"@type":"SearchAction","target":{"@type":"EntryPoint","urlTemplate":"https:\/\/www.yourban-europe.eu\/?s={search_term_string}"},"query-input":{"@type":"PropertyValueSpecification","valueRequired":true,"valueName":"search_term_string"}}],"inLanguage":"it-IT"},{"@type":"Organization","@id":"https:\/\/www.yourban-europe.eu\/#organization","name":"YouRban","url":"https:\/\/www.yourban-europe.eu\/","logo":{"@type":"ImageObject","inLanguage":"it-IT","@id":"https:\/\/www.yourban-europe.eu\/#\/schema\/logo\/image\/","url":"https:\/\/www.yourban-europe.eu\/wp-content\/uploads\/240515_Yourban_LOGO_Black_DEL.png","contentUrl":"https:\/\/www.yourban-europe.eu\/wp-content\/uploads\/240515_Yourban_LOGO_Black_DEL.png","width":2512,"height":418,"caption":"YouRban"},"image":{"@id":"https:\/\/www.yourban-europe.eu\/#\/schema\/logo\/image\/"},"sameAs":["https:\/\/www.linkedin.com\/company\/yourban.eu"]}]}},"_links":{"self":[{"href":"https:\/\/www.yourban-europe.eu\/it\/wp-json\/wp\/v2\/pages\/1230","targetHints":{"allow":["GET"]}}],"collection":[{"href":"https:\/\/www.yourban-europe.eu\/it\/wp-json\/wp\/v2\/pages"}],"about":[{"href":"https:\/\/www.yourban-europe.eu\/it\/wp-json\/wp\/v2\/types\/page"}],"author":[{"embeddable":true,"href":"https:\/\/www.yourban-europe.eu\/it\/wp-json\/wp\/v2\/users\/2"}],"replies":[{"embeddable":true,"href":"https:\/\/www.yourban-europe.eu\/it\/wp-json\/wp\/v2\/comments?post=1230"}],"version-history":[{"count":11,"href":"https:\/\/www.yourban-europe.eu\/it\/wp-json\/wp\/v2\/pages\/1230\/revisions"}],"predecessor-version":[{"id":1393,"href":"https:\/\/www.yourban-europe.eu\/it\/wp-json\/wp\/v2\/pages\/1230\/revisions\/1393"}],"wp:attachment":[{"href":"https:\/\/www.yourban-europe.eu\/it\/wp-json\/wp\/v2\/media?parent=1230"}],"curies":[{"name":"wp","href":"https:\/\/api.w.org\/{rel}","templated":true}]}}