{"id":1236,"date":"2026-04-13T21:15:51","date_gmt":"2026-04-13T19:15:51","guid":{"rendered":"https:\/\/www.yourban-europe.eu\/?page_id=1236"},"modified":"2026-04-21T18:04:36","modified_gmt":"2026-04-21T16:04:36","slug":"zelliges-mosaics-playful-geometry","status":"publish","type":"page","link":"https:\/\/www.yourban-europe.eu\/it\/zelliges-mosaics-playful-geometry\/","title":{"rendered":"Zelliges \u2013 Mosaics: Playful Geometry"},"content":{"rendered":"<div class=\"wp-block-group alignfull has-custom-eu-background-color has-background has-global-padding is-content-justification-center is-layout-constrained wp-container-core-group-is-layout-4137631a wp-block-group-is-layout-constrained\" style=\"margin-top:0;margin-bottom:0;padding-top:var(--wp--preset--spacing--50);padding-right:var(--wp--preset--spacing--50);padding-bottom:var(--wp--preset--spacing--50);padding-left:var(--wp--preset--spacing--50)\">\n<div class=\"wp-block-columns alignwide is-layout-flex wp-container-core-columns-is-layout-28f84493 wp-block-columns-is-layout-flex\">\n<div class=\"wp-block-column is-layout-flow wp-block-column-is-layout-flow\" style=\"flex-basis:40%\">\n<p class=\"has-base-2-color has-text-color has-link-color wp-elements-1656dbae8bf3f459abb54629f9b9504c wp-container-content-0733e5d0\">Project\/<em>Projecte<\/em>\/Proyecto: Zelliges \u2013 Mosaics<br>Author\/<em>Autor<\/em>: Andres Siri<\/p>\n<\/div>\n\n\n\n<div class=\"wp-block-column is-layout-flow wp-block-column-is-layout-flow\" style=\"flex-basis:60%\">\n<p class=\"has-base-2-color has-text-color has-link-color has-x-large-font-size wp-elements-a1428523488c4d7dafc5e2cfd0179a49\" style=\"line-height:1.2\"><strong>Andres Siri<\/strong>&nbsp;has taken the ancient Moroccan art of&nbsp;<em>zellige<\/em>&nbsp;and reimagined it for modern urban play.<\/p>\n\n\n\n<p class=\"has-base-2-color has-text-color has-link-color wp-elements-579aafc57811d3b5154b95214bba18e9\"><em>Andres Siri\u00a0ha reinterpretat l\u2019antic art marroqu\u00ed del zellige i l\u2019ha reinventat per al joc urb\u00e0 contemporani.<\/em><br>Andres Siri\u00a0ha reinterpretado el antiguo arte marroqu\u00ed del zellige y lo ha reinventado para el juego urbano contempor\u00e1neo.<\/p>\n<\/div>\n<\/div>\n<\/div>\n\n\n\n<div class=\"wp-block-group alignfull has-base-background-color has-background has-global-padding is-layout-constrained wp-container-core-group-is-layout-c146a9a4 wp-block-group-is-layout-constrained\" style=\"margin-top:0;margin-bottom:0;padding-top:var(--wp--preset--spacing--10);padding-right:var(--wp--preset--spacing--50);padding-bottom:var(--wp--preset--spacing--10);padding-left:var(--wp--preset--spacing--50)\">\n<div class=\"wp-block-columns alignwide is-layout-flex wp-container-core-columns-is-layout-549b0c86 wp-block-columns-is-layout-flex\">\n<div class=\"wp-block-column has-global-padding is-content-justification-left is-layout-constrained wp-container-core-column-is-layout-fe358c2d wp-block-column-is-layout-constrained\" style=\"flex-basis:40%\">\n<figure class=\"wp-block-image size-full\" style=\"margin-top:var(--wp--preset--spacing--30);margin-right:0;margin-bottom:var(--wp--preset--spacing--30);margin-left:0\"><img loading=\"lazy\" decoding=\"async\" width=\"769\" height=\"514\" src=\"https:\/\/www.yourban-europe.eu\/wp-content\/uploads\/zelliges-2.png\" alt=\"\" class=\"wp-image-1315\" srcset=\"https:\/\/www.yourban-europe.eu\/wp-content\/uploads\/zelliges-2.png 769w, https:\/\/www.yourban-europe.eu\/wp-content\/uploads\/zelliges-2-18x12.png 18w\" sizes=\"auto, (max-width: 769px) 100vw, 769px\" \/><\/figure>\n\n\n\n<figure class=\"wp-block-image size-full\"><img loading=\"lazy\" decoding=\"async\" width=\"2560\" height=\"987\" src=\"https:\/\/www.yourban-europe.eu\/wp-content\/uploads\/i2-scaled.jpg\" alt=\"\" class=\"wp-image-1462\" srcset=\"https:\/\/www.yourban-europe.eu\/wp-content\/uploads\/i2-scaled.jpg 2560w, https:\/\/www.yourban-europe.eu\/wp-content\/uploads\/i2-768x296.jpg 768w, https:\/\/www.yourban-europe.eu\/wp-content\/uploads\/i2-1536x592.jpg 1536w, https:\/\/www.yourban-europe.eu\/wp-content\/uploads\/i2-2048x790.jpg 2048w, https:\/\/www.yourban-europe.eu\/wp-content\/uploads\/i2-18x7.jpg 18w\" sizes=\"auto, (max-width: 2560px) 100vw, 2560px\" \/><figcaption class=\"wp-element-caption\">oplus_0<\/figcaption><\/figure>\n\n\n\n<figure class=\"wp-block-image size-full\"><img loading=\"lazy\" decoding=\"async\" width=\"2560\" height=\"1329\" src=\"https:\/\/www.yourban-europe.eu\/wp-content\/uploads\/i1-scaled.jpg\" alt=\"\" class=\"wp-image-1463\" srcset=\"https:\/\/www.yourban-europe.eu\/wp-content\/uploads\/i1-scaled.jpg 2560w, https:\/\/www.yourban-europe.eu\/wp-content\/uploads\/i1-768x399.jpg 768w, https:\/\/www.yourban-europe.eu\/wp-content\/uploads\/i1-1536x797.jpg 1536w, https:\/\/www.yourban-europe.eu\/wp-content\/uploads\/i1-2048x1063.jpg 2048w, https:\/\/www.yourban-europe.eu\/wp-content\/uploads\/i1-18x9.jpg 18w\" sizes=\"auto, (max-width: 2560px) 100vw, 2560px\" \/><figcaption class=\"wp-element-caption\">oplus_0<\/figcaption><\/figure>\n<\/div>\n\n\n\n<div class=\"wp-block-column is-layout-flow wp-container-core-column-is-layout-f5bb311e wp-block-column-is-layout-flow\" style=\"flex-basis:60%\">\n<p class=\"has-heading-font-family has-x-large-font-size\" style=\"margin-top:var(--wp--preset--spacing--30);margin-bottom:var(--wp--preset--spacing--30);line-height:1.2\">The Zelliges-Mosaics project proposes a 32-piece geometric game inspired by Andr\u00e9 Paccard&#8217;s work on Islamic architectural craftsmanship, freely combinable to explore balance, design, and creativity through sustainable new materials.<\/p>\n\n\n\n<div class=\"wp-block-columns is-layout-flex wp-container-core-columns-is-layout-87beb0d0 wp-block-columns-is-layout-flex\">\n<div class=\"wp-block-column is-layout-flow wp-block-column-is-layout-flow\">\n<p class=\"wp-container-content-9cfa9a5a\"><strong>ENG<\/strong><br>ZELLIGE is a game made up of volumetric pieces inspired by Andr\u00e9 Paccard&#8217;s work on traditional Islamic craftsmanship in architecture. Its geometric figures have names in DARIJA that relate the shape to the object it represents. &#8220;Chouke&#8221; means thorn, &#8220;qandil nejjari&#8221; is a star-shaped lamp, &#8220;difra&#8221; is braid, and &#8220;qtib &#8216;amel&#8221; heart. ZELLIGE is also defined as a small polished stone.<\/p>\n\n\n\n<p>Recalling Bruno Munari and using the idea of play as the main design concept, the mosaic pieces are transformed by a change in SCALE, TEXTURE, COLOR, and FUNCTION. These changes allow for rethinking their forms and exploring new combinations.<\/p>\n\n\n\n<p>In the structure of traditional mosaics, there is an external and an internal face; a VISIBLE and a HIDDEN face. Through the combination of crystallography, symmetrical and asymmetrical forms, and the use of repetition; the geometry of the pieces transcends the flat and static dimension. They integrate the polished face of the original form with the other faces that make up the body of the piece. They are transformed into dynamic volumes that allow for free construction in space, reflecting a moment of EQUILIBRIUM.<\/p>\n\n\n\n<p>The application of CNC technology to low- and high-density rigid polyurethane sheets achieve the transfer of the volume of the piece, previously designed in 3D. The materialization of the final shape with the resin and recycled fibers is done by pouring the material into the open mold produced by the CNC.<\/p>\n\n\n\n<p>OPTIO-ELECTIO: By increasing, reducing, removing, or changing the proportions, with the resin and its components, with the fibers and the different granulometries, or with the pigment color, an inexhaustible combination of results is obtained. Textures, colors, intensity, transparency or opacity, polished or rough surfaces, allow the pieces to be combined or distinguished either individually or within the series as a whole.<\/p>\n\n\n\n<p class=\"wp-container-content-9cfa9a5a\">The YouRban project investigates the use of new materials, adapting FIBER REINFORCED POLYMERS (FRP) to new technologies, creating a sustainable design within a CIRCULAR system, and promoting the use and reuse of materials. Small stones that reveal history and tradition, technology and design; in a past and present in constant transformation.<\/p>\n\n\n\n<hr class=\"wp-block-separator has-alpha-channel-opacity\"\/>\n\n\n\n<p><em><strong>CAT<\/strong><br>ZELLIGE \u00e9s un joc format per peces volum\u00e8triques inspirat en el treball d\u2019Andr\u00e9 Paccard sobre l&#8217;artesania tradicional isl\u00e0mica en l&#8217;arquitectura. Les seves figures geom\u00e8triques porten en DARIJA un nom que relaciona la forma amb l&#8217;objecte que representa. &#8220;Chouke&#8221; significa espina, &#8220;qandil nejjari&#8221; \u00e9s llum en forma d&#8217;estrella, &#8220;difra&#8221; \u00e9s trena i &#8220;qtib &#8216;amel&#8221; cor. ZELLIGE es defineix tamb\u00e9 com a petita pedra polida.<br><br>Recordant a Bruno Munari i prenent el joc com a concepte principal de disseny, les peces de mosaic es transformen amb un canvi d&#8217;ESCALA, de TEXTURA, de COLOR i de FUNCI\u00d3. Canvis que permeten repensar les seves formes i explorar noves combinacions.<br><br>En l&#8217;estructura dels mosaics tradicionals, hi ha una cara externa i una altra interna; una cara visible i una altra oculta. Amb la combinaci\u00f3 de la cristal\u00b7lografia, les formes sim\u00e8triques i asim\u00e8triques, i utilitzant la repetici\u00f3; la geometria de les peces abandona la dimensi\u00f3 plana i est\u00e0tica. Componen la cara polida de la forma original amb les altres cares que formen el cos de la pe\u00e7a. Es transformen en volums en moviment que permeten una construcci\u00f3 lliure en l&#8217;espai, reflectint un instant d&#8217;EQUILIBRI.<br><br>L&#8217;aplicaci\u00f3 de la tecnologia de la CNC a les plaques de poliuret\u00e0 r\u00edgid de baixa i alta densitat aconsegueix traslladar el volum de la pe\u00e7a dissenyada pr\u00e8viament en 3D. La materialitzaci\u00f3 de la forma final amb la resina i les fibres reciclades es realitza abocant el material al motlle obert produ\u00eft per la CNC.<br><br>OPTIO &#8211; ELECTIO: En augmentar, reduir, treure o canviar les proporcions, amb la resina i els seus components, amb les fibres i les diferents granulometries, o amb el color del pigment, s&#8217;obt\u00e9 una inesgotable combinaci\u00f3 de resultats. Les textures, colors, intensitat, transpar\u00e8ncia o opacitat, plans polits o aspres, permeten combinar o diferenciar les peces individualment o en el conjunt de la s\u00e8rie.<br><br>El projecte YouRban investiga la utilitzaci\u00f3 de nous materials, adaptant les FIBRES DE POL\u00cdMERS REFOR\u00c7ATS (FRP) en les noves tecnologies, creant un disseny sostenible en un sistema CIRCULAR, promovent l&#8217;\u00fas i la reutilitzaci\u00f3 dels materials. Petites pedres que revelen la hist\u00f2ria i la tradici\u00f3, la tecnologia i el disseny; en un passat i present en constant transformaci\u00f3.<\/em><\/p>\n\n\n\n<hr class=\"wp-block-separator has-alpha-channel-opacity\"\/>\n\n\n\n<p><strong>ESP<\/strong><br>ZELLIGE es un juego formado por piezas volum\u00e9tricas inspirado en el trabajo de Andr\u00e9 Paccard sobre la artesan\u00eda tradicional isl\u00e1mica en la arquitectura. Sus figuras geom\u00e9tricas llevan en DARIJA un nombre que relaciona la forma con el objeto que representa. &#8220;Chouke&#8221; significa espina, &#8220;qandil nejjari&#8221;<em> <\/em>es l\u00e1mpara en forma de estrella, &#8220;difra&#8221; es trenza y &#8220;qtib &#8216;amel&#8221; coraz\u00f3n. ZELLIGE se define tambi\u00e9n como peque\u00f1a piedra pulida.\u00a0<\/p>\n\n\n\n<p>Recordando a Bruno Munari y tomando el juego como concepto principal de dise\u00f1o, las piezas de mosaico se transforman con un cambio de ESCALA, de TEXTURA, de COLOR y de FUNCI\u00d3N. Cambios que permiten repensar sus formas y explorar nuevas combinaciones.&nbsp;<\/p>\n\n\n\n<p>En la estructura de los mosaicos tradicionales, hay una cara externa y otra interna; una cara visible y otra oculta. Con la combinaci\u00f3n de la cristalograf\u00eda, las formas sim\u00e9tricas y asim\u00e9tricas, y utilizando la repetici\u00f3n; la geometr\u00eda de las piezas abandona la dimensi\u00f3n plana y est\u00e1tica. Componen la cara pulida de la forma original con las otras caras que forman el cuerpo de la pieza. Se transforman en vol\u00famenes en movimiento que permiten una construcci\u00f3n libre en el espacio, reflejando un instante de EQUILIBRIO.<\/p>\n\n\n\n<p>La aplicaci\u00f3n de la tecnolog\u00eda de la CNC a las placas de poliuretano r\u00edgido de baja y alta densidad logra trasladar el volumen de la pieza dise\u00f1ada previamente en 3D. La materializaci\u00f3n de la forma final con la resina y las fibras recicladas se realiza volcando el material al molde abierto producido por la CNC.<\/p>\n\n\n\n<p>OPTIO &#8211; ELECTIO: Al aumentar, reducir, quitar o cambiar las proporciones, con la resina y sus componentes, con las fibras y las distintas granulometr\u00edas, o con el color del pigmento, se obtiene una inagotable combinaci\u00f3n de resultados. Las texturas, colores, intensidad, transparencia u opacidad, planos pulidos o \u00e1speros, permiten combinar o diferenciar las piezas individualmente o en el conjunto de la serie.<\/p>\n\n\n\n<p>El proyecto YouRban investiga la utilizaci\u00f3n de nuevos materiales, adaptando las FIBRAS DE POL\u00cdMEROS REFORZADOS (FRP) en las nuevas tecnolog\u00edas, creando un dise\u00f1o sostenible en un sistema CIRCULAR, promoviendo el uso y la reutilizaci\u00f3n de los materiales. Peque\u00f1as piedras que revelan la historia y la tradici\u00f3n, la tecnolog\u00eda y el dise\u00f1o; en un pasado y presente en constante transformaci\u00f3n.<\/p>\n<\/div>\n<\/div>\n<\/div>\n<\/div>\n\n\n\n<figure class=\"wp-block-image size-full\" style=\"margin-top:var(--wp--preset--spacing--30);margin-bottom:var(--wp--preset--spacing--30)\"><img loading=\"lazy\" decoding=\"async\" width=\"1211\" height=\"795\" src=\"https:\/\/www.yourban-europe.eu\/wp-content\/uploads\/zelliges-2-1.png\" alt=\"\" class=\"wp-image-1317\" srcset=\"https:\/\/www.yourban-europe.eu\/wp-content\/uploads\/zelliges-2-1.png 1211w, https:\/\/www.yourban-europe.eu\/wp-content\/uploads\/zelliges-2-1-768x504.png 768w, https:\/\/www.yourban-europe.eu\/wp-content\/uploads\/zelliges-2-1-18x12.png 18w\" sizes=\"auto, (max-width: 1211px) 100vw, 1211px\" \/><\/figure>\n\n\n\n<div class=\"wp-block-buttons is-horizontal is-content-justification-center is-layout-flex wp-container-core-buttons-is-layout-24574a97 wp-block-buttons-is-layout-flex\" style=\"margin-top:0;margin-bottom:0;padding-top:var(--wp--preset--spacing--10);padding-right:0;padding-bottom:var(--wp--preset--spacing--10);padding-left:0\">\n<div class=\"wp-block-button is-style-outline is-style-outline--1\"><a class=\"wp-block-button__link wp-element-button\">Previous<\/a><\/div>\n\n\n\n<div class=\"wp-block-button\"><a class=\"wp-block-button__link wp-element-button\">   Next   <\/a><\/div>\n<\/div>\n<\/div>","protected":false},"excerpt":{"rendered":"<p>Project\/Projecte\/Proyecto: Zelliges \u2013 MosaicsAuthor\/Autor: Andres Siri Andres Siri&nbsp;has taken the ancient Moroccan art of&nbsp;zellige&nbsp;and reimagined it for modern urban play. Andres Siri\u00a0ha reinterpretat l\u2019antic art marroqu\u00ed del zellige i l\u2019ha reinventat per al joc urb\u00e0 contemporani.Andres Siri\u00a0ha reinterpretado el antiguo arte marroqu\u00ed del zellige y lo ha reinventado para el juego urbano contempor\u00e1neo. The Zelliges-Mosaics [&hellip;]<\/p>\n","protected":false},"author":2,"featured_media":0,"parent":0,"menu_order":0,"comment_status":"closed","ping_status":"closed","template":"","meta":{"inline_featured_image":false,"footnotes":""},"class_list":["post-1236","page","type-page","status-publish","hentry"],"yoast_head":"<!-- This site is optimized with the Yoast SEO plugin v27.4 - https:\/\/yoast.com\/product\/yoast-seo-wordpress\/ -->\n<title>Zelliges \u2013 Mosaics: Playful Geometry - YouRban<\/title>\n<meta name=\"robots\" content=\"index, follow, max-snippet:-1, max-image-preview:large, max-video-preview:-1\" \/>\n<link rel=\"canonical\" href=\"https:\/\/www.yourban-europe.eu\/it\/zelliges-mosaics-playful-geometry\/\" \/>\n<meta property=\"og:locale\" content=\"it_IT\" \/>\n<meta property=\"og:type\" content=\"article\" \/>\n<meta property=\"og:title\" content=\"Zelliges \u2013 Mosaics: Playful Geometry - YouRban\" \/>\n<meta property=\"og:description\" content=\"Project\/Projecte\/Proyecto: Zelliges \u2013 MosaicsAuthor\/Autor: Andres Siri Andres Siri&nbsp;has taken the ancient Moroccan art of&nbsp;zellige&nbsp;and reimagined it for modern urban play. Andres Siri\u00a0ha reinterpretat l\u2019antic art marroqu\u00ed del zellige i l\u2019ha reinventat per al joc urb\u00e0 contemporani.Andres Siri\u00a0ha reinterpretado el antiguo arte marroqu\u00ed del zellige y lo ha reinventado para el juego urbano contempor\u00e1neo. The Zelliges-Mosaics [&hellip;]\" \/>\n<meta property=\"og:url\" content=\"https:\/\/www.yourban-europe.eu\/it\/zelliges-mosaics-playful-geometry\/\" \/>\n<meta property=\"og:site_name\" content=\"YouRban\" \/>\n<meta property=\"article:modified_time\" content=\"2026-04-21T16:04:36+00:00\" \/>\n<meta property=\"og:image\" content=\"https:\/\/www.yourban-europe.eu\/wp-content\/uploads\/zelliges-2.png\" \/>\n\t<meta property=\"og:image:width\" content=\"769\" \/>\n\t<meta property=\"og:image:height\" content=\"514\" \/>\n\t<meta property=\"og:image:type\" content=\"image\/png\" \/>\n<meta name=\"twitter:card\" content=\"summary_large_image\" \/>\n<meta name=\"twitter:label1\" content=\"Tempo di lettura stimato\" \/>\n\t<meta name=\"twitter:data1\" content=\"6 minuti\" \/>\n<script type=\"application\/ld+json\" class=\"yoast-schema-graph\">{\"@context\":\"https:\\\/\\\/schema.org\",\"@graph\":[{\"@type\":\"WebPage\",\"@id\":\"https:\\\/\\\/www.yourban-europe.eu\\\/zelliges-mosaics-playful-geometry\\\/\",\"url\":\"https:\\\/\\\/www.yourban-europe.eu\\\/zelliges-mosaics-playful-geometry\\\/\",\"name\":\"Zelliges \u2013 Mosaics: Playful Geometry - YouRban\",\"isPartOf\":{\"@id\":\"https:\\\/\\\/www.yourban-europe.eu\\\/#website\"},\"primaryImageOfPage\":{\"@id\":\"https:\\\/\\\/www.yourban-europe.eu\\\/zelliges-mosaics-playful-geometry\\\/#primaryimage\"},\"image\":{\"@id\":\"https:\\\/\\\/www.yourban-europe.eu\\\/zelliges-mosaics-playful-geometry\\\/#primaryimage\"},\"thumbnailUrl\":\"https:\\\/\\\/www.yourban-europe.eu\\\/wp-content\\\/uploads\\\/zelliges-2.png\",\"datePublished\":\"2026-04-13T19:15:51+00:00\",\"dateModified\":\"2026-04-21T16:04:36+00:00\",\"breadcrumb\":{\"@id\":\"https:\\\/\\\/www.yourban-europe.eu\\\/zelliges-mosaics-playful-geometry\\\/#breadcrumb\"},\"inLanguage\":\"it-IT\",\"potentialAction\":[{\"@type\":\"ReadAction\",\"target\":[\"https:\\\/\\\/www.yourban-europe.eu\\\/zelliges-mosaics-playful-geometry\\\/\"]}]},{\"@type\":\"ImageObject\",\"inLanguage\":\"it-IT\",\"@id\":\"https:\\\/\\\/www.yourban-europe.eu\\\/zelliges-mosaics-playful-geometry\\\/#primaryimage\",\"url\":\"https:\\\/\\\/www.yourban-europe.eu\\\/wp-content\\\/uploads\\\/zelliges-2.png\",\"contentUrl\":\"https:\\\/\\\/www.yourban-europe.eu\\\/wp-content\\\/uploads\\\/zelliges-2.png\"},{\"@type\":\"BreadcrumbList\",\"@id\":\"https:\\\/\\\/www.yourban-europe.eu\\\/zelliges-mosaics-playful-geometry\\\/#breadcrumb\",\"itemListElement\":[{\"@type\":\"ListItem\",\"position\":1,\"name\":\"Home\",\"item\":\"https:\\\/\\\/www.yourban-europe.eu\\\/project\\\/\"},{\"@type\":\"ListItem\",\"position\":2,\"name\":\"Zelliges \u2013 Mosaics: Playful Geometry\"}]},{\"@type\":\"WebSite\",\"@id\":\"https:\\\/\\\/www.yourban-europe.eu\\\/#website\",\"url\":\"https:\\\/\\\/www.yourban-europe.eu\\\/\",\"name\":\"YouRban\",\"description\":\"\",\"publisher\":{\"@id\":\"https:\\\/\\\/www.yourban-europe.eu\\\/#organization\"},\"potentialAction\":[{\"@type\":\"SearchAction\",\"target\":{\"@type\":\"EntryPoint\",\"urlTemplate\":\"https:\\\/\\\/www.yourban-europe.eu\\\/?s={search_term_string}\"},\"query-input\":{\"@type\":\"PropertyValueSpecification\",\"valueRequired\":true,\"valueName\":\"search_term_string\"}}],\"inLanguage\":\"it-IT\"},{\"@type\":\"Organization\",\"@id\":\"https:\\\/\\\/www.yourban-europe.eu\\\/#organization\",\"name\":\"YouRban\",\"url\":\"https:\\\/\\\/www.yourban-europe.eu\\\/\",\"logo\":{\"@type\":\"ImageObject\",\"inLanguage\":\"it-IT\",\"@id\":\"https:\\\/\\\/www.yourban-europe.eu\\\/#\\\/schema\\\/logo\\\/image\\\/\",\"url\":\"https:\\\/\\\/www.yourban-europe.eu\\\/wp-content\\\/uploads\\\/240515_Yourban_LOGO_Black_DEL.png\",\"contentUrl\":\"https:\\\/\\\/www.yourban-europe.eu\\\/wp-content\\\/uploads\\\/240515_Yourban_LOGO_Black_DEL.png\",\"width\":2512,\"height\":418,\"caption\":\"YouRban\"},\"image\":{\"@id\":\"https:\\\/\\\/www.yourban-europe.eu\\\/#\\\/schema\\\/logo\\\/image\\\/\"},\"sameAs\":[\"https:\\\/\\\/www.linkedin.com\\\/company\\\/yourban.eu\"]}]}<\/script>\n<!-- \/ Yoast SEO plugin. -->","yoast_head_json":{"title":"Zelliges \u2013 Mosaics: Playful Geometry - YouRban","robots":{"index":"index","follow":"follow","max-snippet":"max-snippet:-1","max-image-preview":"max-image-preview:large","max-video-preview":"max-video-preview:-1"},"canonical":"https:\/\/www.yourban-europe.eu\/it\/zelliges-mosaics-playful-geometry\/","og_locale":"it_IT","og_type":"article","og_title":"Zelliges \u2013 Mosaics: Playful Geometry - YouRban","og_description":"Project\/Projecte\/Proyecto: Zelliges \u2013 MosaicsAuthor\/Autor: Andres Siri Andres Siri&nbsp;has taken the ancient Moroccan art of&nbsp;zellige&nbsp;and reimagined it for modern urban play. Andres Siri\u00a0ha reinterpretat l\u2019antic art marroqu\u00ed del zellige i l\u2019ha reinventat per al joc urb\u00e0 contemporani.Andres Siri\u00a0ha reinterpretado el antiguo arte marroqu\u00ed del zellige y lo ha reinventado para el juego urbano contempor\u00e1neo. The Zelliges-Mosaics [&hellip;]","og_url":"https:\/\/www.yourban-europe.eu\/it\/zelliges-mosaics-playful-geometry\/","og_site_name":"YouRban","article_modified_time":"2026-04-21T16:04:36+00:00","og_image":[{"width":769,"height":514,"url":"https:\/\/www.yourban-europe.eu\/wp-content\/uploads\/zelliges-2.png","type":"image\/png"}],"twitter_card":"summary_large_image","twitter_misc":{"Tempo di lettura stimato":"6 minuti"},"schema":{"@context":"https:\/\/schema.org","@graph":[{"@type":"WebPage","@id":"https:\/\/www.yourban-europe.eu\/zelliges-mosaics-playful-geometry\/","url":"https:\/\/www.yourban-europe.eu\/zelliges-mosaics-playful-geometry\/","name":"Zelliges \u2013 Mosaics: Playful Geometry - YouRban","isPartOf":{"@id":"https:\/\/www.yourban-europe.eu\/#website"},"primaryImageOfPage":{"@id":"https:\/\/www.yourban-europe.eu\/zelliges-mosaics-playful-geometry\/#primaryimage"},"image":{"@id":"https:\/\/www.yourban-europe.eu\/zelliges-mosaics-playful-geometry\/#primaryimage"},"thumbnailUrl":"https:\/\/www.yourban-europe.eu\/wp-content\/uploads\/zelliges-2.png","datePublished":"2026-04-13T19:15:51+00:00","dateModified":"2026-04-21T16:04:36+00:00","breadcrumb":{"@id":"https:\/\/www.yourban-europe.eu\/zelliges-mosaics-playful-geometry\/#breadcrumb"},"inLanguage":"it-IT","potentialAction":[{"@type":"ReadAction","target":["https:\/\/www.yourban-europe.eu\/zelliges-mosaics-playful-geometry\/"]}]},{"@type":"ImageObject","inLanguage":"it-IT","@id":"https:\/\/www.yourban-europe.eu\/zelliges-mosaics-playful-geometry\/#primaryimage","url":"https:\/\/www.yourban-europe.eu\/wp-content\/uploads\/zelliges-2.png","contentUrl":"https:\/\/www.yourban-europe.eu\/wp-content\/uploads\/zelliges-2.png"},{"@type":"BreadcrumbList","@id":"https:\/\/www.yourban-europe.eu\/zelliges-mosaics-playful-geometry\/#breadcrumb","itemListElement":[{"@type":"ListItem","position":1,"name":"Home","item":"https:\/\/www.yourban-europe.eu\/project\/"},{"@type":"ListItem","position":2,"name":"Zelliges \u2013 Mosaics: Playful Geometry"}]},{"@type":"WebSite","@id":"https:\/\/www.yourban-europe.eu\/#website","url":"https:\/\/www.yourban-europe.eu\/","name":"YouRban","description":"","publisher":{"@id":"https:\/\/www.yourban-europe.eu\/#organization"},"potentialAction":[{"@type":"SearchAction","target":{"@type":"EntryPoint","urlTemplate":"https:\/\/www.yourban-europe.eu\/?s={search_term_string}"},"query-input":{"@type":"PropertyValueSpecification","valueRequired":true,"valueName":"search_term_string"}}],"inLanguage":"it-IT"},{"@type":"Organization","@id":"https:\/\/www.yourban-europe.eu\/#organization","name":"YouRban","url":"https:\/\/www.yourban-europe.eu\/","logo":{"@type":"ImageObject","inLanguage":"it-IT","@id":"https:\/\/www.yourban-europe.eu\/#\/schema\/logo\/image\/","url":"https:\/\/www.yourban-europe.eu\/wp-content\/uploads\/240515_Yourban_LOGO_Black_DEL.png","contentUrl":"https:\/\/www.yourban-europe.eu\/wp-content\/uploads\/240515_Yourban_LOGO_Black_DEL.png","width":2512,"height":418,"caption":"YouRban"},"image":{"@id":"https:\/\/www.yourban-europe.eu\/#\/schema\/logo\/image\/"},"sameAs":["https:\/\/www.linkedin.com\/company\/yourban.eu"]}]}},"_links":{"self":[{"href":"https:\/\/www.yourban-europe.eu\/it\/wp-json\/wp\/v2\/pages\/1236","targetHints":{"allow":["GET"]}}],"collection":[{"href":"https:\/\/www.yourban-europe.eu\/it\/wp-json\/wp\/v2\/pages"}],"about":[{"href":"https:\/\/www.yourban-europe.eu\/it\/wp-json\/wp\/v2\/types\/page"}],"author":[{"embeddable":true,"href":"https:\/\/www.yourban-europe.eu\/it\/wp-json\/wp\/v2\/users\/2"}],"replies":[{"embeddable":true,"href":"https:\/\/www.yourban-europe.eu\/it\/wp-json\/wp\/v2\/comments?post=1236"}],"version-history":[{"count":12,"href":"https:\/\/www.yourban-europe.eu\/it\/wp-json\/wp\/v2\/pages\/1236\/revisions"}],"predecessor-version":[{"id":1465,"href":"https:\/\/www.yourban-europe.eu\/it\/wp-json\/wp\/v2\/pages\/1236\/revisions\/1465"}],"wp:attachment":[{"href":"https:\/\/www.yourban-europe.eu\/it\/wp-json\/wp\/v2\/media?parent=1236"}],"curies":[{"name":"wp","href":"https:\/\/api.w.org\/{rel}","templated":true}]}}